{"id":7606,"date":"2022-09-11T21:07:15","date_gmt":"2022-09-11T21:07:15","guid":{"rendered":"https:\/\/yogaagma.com\/bedingungen-und-konditionen\/"},"modified":"2024-07-07T12:47:52","modified_gmt":"2024-07-07T12:47:52","slug":"bedingungen-und-konditionen","status":"publish","type":"page","link":"https:\/\/yogaagma.com\/de\/bedingungen-und-konditionen\/","title":{"rendered":"Bedingungen und Konditionen"},"content":{"rendered":"\n<div style=\"height:50px\" aria-hidden=\"true\" class=\"wp-block-spacer\"><\/div>\n\n<div class=\"wp-block-uagb-advanced-heading uagb-block-9c1ad514 spacing\"><h2 class=\"uagb-heading-text\">Bedingungen &amp; Konditionen des Dienstes<\/h2><div class=\"uagb-separator-wrap\"><div class=\"uagb-separator\"><\/div><\/div><p class=\"uagb-desc-text\"><\/p><\/div>\n\n<section class=\"wp-block-uagb-columns uagb-columns__wrap uagb-columns__background-undefined uagb-columns__stack-mobile uagb-columns__valign-undefined uagb-columns__gap-10 alignundefined uagb-block-ce13439a\"><div class=\"uagb-columns__overlay\"><\/div><div class=\"uagb-columns__inner-wrap uagb-columns__columns-3\">\n<div class=\"wp-block-uagb-column uagb-column__wrap uagb-column__background-undefined uagb-block-005f04f9\"><div class=\"uagb-column__overlay\"><\/div><div class=\"uagb-column__inner-wrap\"><\/div><\/div>\n\n\n\n<div class=\"wp-block-uagb-column uagb-column__wrap uagb-column__background-undefined uagb-block-8c340c19\"><div class=\"uagb-column__overlay\"><\/div><div class=\"uagb-column__inner-wrap\">\n<h4 class=\"wp-block-heading\"><strong>1. GELTUNGSBEREICH UND GEGENSTAND DER ALLGEMEINEN GESCH\u00c4FTSBEDINGUNGEN<\/strong><\/h4>\n\n\n\n<p>Dazu geh\u00f6ren alle Aktivit\u00e4ten von Yogaagma (Schweiz) (nachfolgend Leistungserbringer\/Veranstalter genannt), wie Workshops, Ausbildungen, Yogaurlaube\/Retreats, Gemeinschaftsveranstaltungen etc. und\/oder der Abschluss von nicht genannten Vertr\u00e4gen, die mit den genannten Gesch\u00e4ftsaktivit\u00e4ten in Zusammenhang stehen.<\/p>\n\n\n\n<p>Der Dienstleister erbringt in erster Linie kostenpflichtige Dienstleistungen im Bereich des Yoga. Die vorliegenden Allgemeinen Gesch\u00e4ftsbedingungen (AGB) gelten f\u00fcr den Erwerb jeglicher Dienstleistungen der Teilnehmer, die in irgendeiner Form (per Telefon, E-Mail, Internet, Handy usw.) vom Dienstanbieter bezogen werden. Ein Teilnehmer ist jede nat\u00fcrliche oder juristische Person, die Dienstleistungen des Diensteanbieters in Anspruch nimmt oder die sich beim Diensteanbieter registriert hat, um solche Dienstleistungen zu erhalten. Mit der Nutzung eines oder mehrerer Dienste erkl\u00e4rt sich der Teilnehmer unwiderruflich mit der Anwendung dieser AGB einverstanden.<\/p>\n\n\n\n<p>Unsere Allgemeinen Gesch\u00e4ftsbedingungen gelten grunds\u00e4tzlich und erg\u00e4nzend\/abweichend auch f\u00fcr Kurse im Ausland oder Yogaferien\/Retreats.<\/p>\n\n\n\n<h4 class=\"wp-block-heading\"><strong>2. ALLGEMEINES<\/strong><\/h4>\n\n\n\n<p><strong>2.1<\/strong><\/p>\n\n\n\n<p>Die nachfolgenden Allgemeinen Gesch\u00e4ftsbedingungen gelten f\u00fcr die Durchf\u00fchrung aller Yogakurse, Workshops, Ausbildungen, Veranstaltungen, Einzelstunden, privaten und\/oder gesch\u00e4ftlichen Yogastunden und sonstigen Veranstaltungen, einschlie\u00dflich Yogaferien\/Retreats. Sp\u00e4testens mit der verbindlichen Anmeldung gelten diese Bedingungen als rechtsverbindlich und vom Kursteilnehmer anerkannt.<\/p>\n\n\n\n<p><strong>2.2<\/strong><\/p>\n\n\n\n<p>\u00c4nderungen dieser Allgemeinen Gesch\u00e4ftsbedingungen sind grunds\u00e4tzlich ausgeschlossen und im Falle abweichender Sondervereinbarungen nur wirksam, wenn diese schriftlich vereinbart wurden.<\/p>\n\n\n\n<h4 class=\"wp-block-heading\"><strong>3. UMFANG DER DIENSTLEISTUNGEN<\/strong><\/h4>\n\n\n\n<p>Die Dienstleistungen umfassen die Durchf\u00fchrung und Organisation von Yoga und Yoga-Ferien, Yoga-Kurse, Einzelunterricht, Business-Yoga und Workshops im In- und Ausland.<\/p>\n\n\n\n<h4 class=\"wp-block-heading\"><strong>4. KOSTEN, PREISE UND ZAHLUNGSBEDINGUNGEN<\/strong><\/h4>\n\n\n\n<p><strong>4.1<\/strong><\/p>\n\n\n\n<p>Die aktuellen Kosten f\u00fcr Yogakurse, Einzelstunden, Business-Yoga sowie Workshops und Ausbildungen sind auf www.yogaagma.com in Brosch\u00fcren und Flyern zu finden oder werden auf Anfrage schriftlich mitgeteilt.<\/p>\n\n\n\n<p><strong>4.2<\/strong><\/p>\n\n\n\n<p>Anmeldungen f\u00fcr alle Angebote (au\u00dfer f\u00fcr Abonnements, siehe Punkt 4.3) sind mit ihrer Einzahlung per E-Mail, Online-Reservierung, SMS, Post oder Reservierungszahlung rechtsverbindlich. Bei telefonischen Anmeldungen werden diese per E-Mail best\u00e4tigt. Sobald der Teilnehmer die Best\u00e4tigungs-E-Mail erhalten hat, sind auch diese Anmeldungen rechtsverbindlich und k\u00f6nnen in Rechnung gestellt werden. Nachdem wir die Anmeldung erhalten haben, senden wir dem Teilnehmer eine Buchungsbest\u00e4tigung per E-Mail und in den darauffolgenden Tagen eine Rechnung zur Bezahlung des Kurses. Der dort angegebene Zahlungstermin ist verbindlich. Alternativ dazu ist eine Online-Reservierung mit einer Kreditkarte kostenlos. Die Nichtbezahlung der Kursgeb\u00fchr gilt nicht als Stornierung.<\/p>\n\n\n\n<p><strong>4.3<\/strong><\/p>\n\n\n\n<p>Die vollst\u00e4ndige Zahlung f\u00fcr Yoga-Kurse\/Abonnements erfolgt vor Beginn des Kurses. Sofern nicht anders vereinbart oder angegeben.<\/p>\n\n\n\n<h4 class=\"wp-block-heading\"><strong>5. BEDINGUNGEN UND R\u00dcCKTRITTSBEDINGUNGEN (ERSTATTUNG)<\/strong><\/h4>\n\n\n\n<p><strong>5.1 Yoga-Kurse<\/strong><\/p>\n\n\n\n<p>Die Anmeldungen f\u00fcr Yoga-Workshops verfallen nach ihrem G\u00fcltigkeitsdatum, sind pers\u00f6nlich und nicht \u00fcbertragbar, es sei denn, sie werden schriftlich mitgeteilt.<\/p>\n\n\n\n<p>Bezahlte Kursgeb\u00fchren werden nicht zur\u00fcckerstattet.<\/p>\n\n\n\n<p>\u00c4nderungen des Stundenplans oder des Lehrpersonals k\u00f6nnen jederzeit vorgenommen werden. Ein Anspruch auf Erstattung besteht nicht.<\/p>\n\n\n\n<p><strong>5.2 Workshops oder Lehrg\u00e4nge<\/strong><\/p>\n\n\n\n<p>Wenn Teilnehmer an der Teilnahme an Workshops oder Schulungen verhindert sind, haben sie die M\u00f6glichkeit, einen Ersatz zu finden. Dies sollte schriftlich per E-Mail unter Angabe des Nachnamens\/Vornamens und der E-Mail-Adresse des Vertreters geschehen.<\/p>\n\n\n\n<p>Stornierungen sind mit Verwaltungsaufwand verbunden. Alternativ kann die Kursgeb\u00fchr je nach Zeitpunkt der Abmeldung auch teilweise erlassen werden. Stornierungen m\u00fcssen schriftlich mitgeteilt werden.<\/p>\n\n\n\n<p>Der Erlass oder die Erstattung der Kursgeb\u00fchr ist wie folgt geregelt:<\/p>\n\n\n\n<p><strong>Stornierungszeit Stornogeb\u00fchr<\/strong><\/p>\n\n\n\n<p>bis zu 2 Monate vor Beginn der Veranstaltung: 15% der Kursgeb\u00fchr<\/p>\n\n\n\n<p>bis zu 11 Tage vor Beginn der Veranstaltung: 50% der Kursgeb\u00fchr<\/p>\n\n\n\n<p>weniger als 11 Tage vor Beginn der Veranstaltung: 100% der Kursgeb\u00fchr<\/p>\n\n\n\n<p>Nicht besuchte Unterrichtsstunden k\u00f6nnen nicht nachgeholt werden und werden nicht erstattet. Bei Abwesenheit (Krankheit, berufliche Belastung, sonstige Gr\u00fcnde) oder bei Abbruch des Workshops oder der Fortbildung besteht kein Anspruch auf Erm\u00e4\u00dfigung oder Erstattung.<\/p>\n\n\n\n<p><strong>5.3 Privatunterricht &#8211; Nachhilfe<\/strong><\/p>\n\n\n\n<p>Stornierungen f\u00fcr Einzelunterricht und Coaching werden nur akzeptiert, wenn die entsprechenden Informationen mindestens 24 Stunden vor Kursbeginn telefonisch oder per E-Mail vorliegen.<\/p>\n\n\n\n<p><strong>5.4<\/strong><\/p>\n\n\n\n<p>Die Kursleitung beh\u00e4lt sich vor, bei Krankheit oder Unvorhersehbarem den Yoga-Unterricht auch kurzfristig abzusagen oder sich durch eine entsprechend qualifizierte Person vertreten zu lassen. Die Teilnehmer werden so schnell wie m\u00f6glich per E-Mail oder Telefon \u00fcber einen Ausfall informiert, es sei denn, es handelt sich um unvorhersehbare Ausf\u00e4lle. Wird der Kurs abgebrochen, k\u00f6nnen die Abonnements entsprechend verl\u00e4ngert werden.<\/p>\n\n\n\n<p><strong>5.5<\/strong><\/p>\n\n\n\n<p>Um unsere Kurse unter optimalen Bedingungen durchf\u00fchren zu k\u00f6nnen, legen wir je nach Veranstaltung\/Kurs eine Mindest- und H\u00f6chstteilnehmerzahl fest. Bei zu geringer Teilnehmerzahl wird der Kurs in der Regel nicht durchgef\u00fchrt und die Kurskosten werden zur\u00fcckerstattet.<\/p>\n\n\n\n<h4 class=\"wp-block-heading\"><strong>6. F\u00c4HIGKEIT ZUR PARTIZIPATION, EIGENVERANTWORTUNG<\/strong><\/h4>\n\n\n\n<p><strong>6.1<\/strong><\/p>\n\n\n\n<p>Vor der Teilnahme an den Yogastunden von Yogaagma (Schweiz) muss jeder Teilnehmer eine Online-Anmeldung oder ein Anmeldeformular ausf\u00fcllen. Mit dem Akzeptieren der AGB best\u00e4tigt der Teilnehmer, dass keine gesundheitlichen Bedenken gegen die Teilnahme an den Yogastunden von Yogaagma (Schweiz) bestehen. Eigenverantwortung und normale geistige und k\u00f6rperliche Belastbarkeit und Kondition sind Voraussetzung f\u00fcr alle Kurse, Yogastunden, Einzelstunden, Privatyoga, Veranstaltungen, Ausbildungen und Workshops. Bei akuten k\u00f6rperlichen oder psychischen Problemen sollten Sie vorher mit einem Arzt abkl\u00e4ren, ob Yoga-Kurse zu diesem Zeitpunkt sinnvoll sind. Yogakurse k\u00f6nnen eine heilende Wirkung auf das k\u00f6rperliche, geistige und seelische Wohlbefinden haben. Sie stellen jedoch keine medizinische oder psychotherapeutische Behandlung dar.<\/p>\n\n\n\n<p><strong>6.2<\/strong><\/p>\n\n\n\n<p>Bestehende psychische oder physische gesundheitliche Einschr\u00e4nkungen sowie eine bestehende Schwangerschaft m\u00fcssen der Kursleitung sp\u00e4testens zu Beginn des Kurses\/Workshops\/Veranstaltung mitgeteilt werden. Sollte w\u00e4hrend des Kurses\/der Veranstaltung\/des Workshops eine gesundheitliche Einschr\u00e4nkung oder eine Schwangerschaft eintreten, ist die Kursleitung unverz\u00fcglich zu informieren.<\/p>\n\n\n\n<p>Jeder Teilnehmer nimmt an diesen Kursen auf eigene Verantwortung teil, so dass es auch im Ermessen des jeweiligen Teilnehmers liegt, vor der Teilnahme an den Kursen\/Veranstaltungen\/Workshops \u00e4rztlichen Rat einzuholen. Wenn ein Kursteilnehmer Zweifel an seiner gesundheitlichen oder mentalen Eignung f\u00fcr die Teilnahme hat, wird empfohlen, vor der Anmeldung einen entsprechenden Experten zu Rate zu ziehen.<\/p>\n\n\n\n<h4 class=\"wp-block-heading\"><strong>7. HAFTUNG<\/strong><\/h4>\n\n\n\n<p><strong>7.1<\/strong><\/p>\n\n\n\n<p>Der Veranstalter Yogaagma (Schweiz) sowie die Lehrkr\u00e4fte \u00fcbernehmen die Haftung f\u00fcr die ordnungsgem\u00e4\u00dfe Durchf\u00fchrung der Kurse\/Veranstaltungen\/Workshops im Rahmen der gesetzlichen Gew\u00e4hrleistungsbestimmungen. Eine weitergehende Haftung, insbesondere auf Schadensersatz, ist ausdr\u00fccklich ausgeschlossen. Die Veranstalter \u00fcbernehmen daher keinerlei Haftung, insbesondere keine Haftung bei Verschweigen von k\u00f6rperlichen oder psychischen Erkrankungen, die eine Teilnahme an den Yoga-Veranstaltungen\/Workshops nicht ratsam erscheinen lassen.<\/p>\n\n\n\n<p>Die Kursleitung beh\u00e4lt sich das Recht vor, Teilnehmer abzulehnen, wenn die Kursleitung der Meinung ist, dass die gesundheitlichen oder psychologischen Voraussetzungen f\u00fcr die Teilnahme am Kurs nicht gegeben sind. Diese Ablehnung kann auch kurzfristig oder sogar w\u00e4hrend laufender Kurse erfolgen. Wird der Teilnehmer abgelehnt, so wird ihm die Kursgeb\u00fchr (anteilig) zur\u00fcckerstattet.<\/p>\n\n\n\n<p><strong>7.2<\/strong><\/p>\n\n\n\n<p>Die Nutzung der Kursr\u00e4umlichkeiten und -angebote erfolgt auf eigene Gefahr des Teilnehmers. F\u00fcr mitgebrachte Wertgegenst\u00e4nde der Teilnehmer wird keine Haftung \u00fcbernommen.<\/p>\n\n\n\n<p><strong>7.3<\/strong><\/p>\n\n\n\n<p>F\u00fcr alle von Yogaagma (Schweiz) organisierten Yogakurse, Veranstaltungen und Ferien\/Retreats schliessen wir jegliche Haftung f\u00fcr entstandene Sch\u00e4den aus. Sie sind daher selbst f\u00fcr einen ausreichenden Versicherungsschutz verantwortlich. Yogaagma (Schweiz) kann nicht f\u00fcr Diebstahl oder Verlust von Gegenst\u00e4nden haftbar gemacht werden.<\/p>\n\n\n\n<h4 class=\"wp-block-heading\"><strong>8. DATENSCHUTZ<\/strong><\/h4>\n\n\n\n<p>Die Kursleitung verpflichtet sich, pers\u00f6nliche Daten und Informationen vertraulich zu behandeln und nicht an Dritte weiterzugeben. Ausgenommen hiervon ist die Weitergabe von Daten an Mitarbeiter und Gesch\u00e4ftspartner aus organisatorischen Gr\u00fcnden. Der Teilnehmer verpflichtet sich au\u00dferdem, Informationen \u00fcber andere Kursteilnehmer vertraulich zu behandeln.<\/p>\n\n\n\n<h4 class=\"wp-block-heading\"><strong>9. SONSTIGES\/SONSTIGES<\/strong><\/h4>\n\n\n\n<p>Yogaagma (Schweiz) verwendet auf der eigenen Website oder in den sozialen Medien Fotos von Veranstaltungen, auf denen die Teilnehmenden identifiziert werden k\u00f6nnen. Wenn dies gegen den Willen einer Person geschieht, kann sie Yogaagma anweisen, ihre Person aus dem Bild zu entfernen. Weitergehende und eigene Anspr\u00fcche k\u00f6nnen nicht geltend gemacht werden.<\/p>\n\n\n\n<h4 class=\"wp-block-heading\"><strong>10. COPYRIGHT<\/strong><\/h4>\n\n\n\n<p>\u00a9 Yogaagma (Schweiz). Alle Seiten sind urheberrechtlich gesch\u00fctzt. Nachahmungen jeglicher Art stellen einen Versto\u00df gegen das Urheberrecht dar und werden strafrechtlich verfolgt und verpflichten Sie zur Zahlung von Schadensersatz.<\/p>\n\n\n\n<h4 class=\"wp-block-heading\"><strong>\u00a9 Yogaagma (SCHWEIZ) | M\u00c4RZ 2019<\/strong><\/h4>\n<\/div><\/div>\n\n\n\n<div class=\"wp-block-uagb-column uagb-column__wrap uagb-column__background-undefined uagb-block-f1154fd8\"><div class=\"uagb-column__overlay\"><\/div><div class=\"uagb-column__inner-wrap\"><\/div><\/div>\n<\/div><\/section>\n\n<div style=\"height:20px\" aria-hidden=\"true\" class=\"wp-block-spacer\"><\/div>\n\n<section class=\"wp-block-uagb-columns uagb-columns__wrap uagb-columns__background-color uagb-columns__stack-mobile uagb-columns__valign-undefined uagb-columns__gap-10 alignundefined uagb-block-b4c6d8fd\"><div class=\"uagb-columns__overlay\"><\/div><div class=\"uagb-columns__inner-wrap uagb-columns__columns-2\">\n<div class=\"wp-block-uagb-column uagb-column__wrap uagb-column__background-undefined uagb-block-2d4676b6\"><div class=\"uagb-column__overlay\"><\/div><div class=\"uagb-column__inner-wrap\">\n<figure class=\"wp-block-image aligncenter size-large is-resized\"><img fetchpriority=\"high\" decoding=\"async\" src=\"https:\/\/yogaagma.com\/wp-content\/uploads\/2020\/10\/logo.jpg\" alt=\"Isha Hatha Yoga Schule\" class=\"wp-image-1131\" width=\"242\" height=\"282\" srcset=\"https:\/\/yogaagma.com\/wp-content\/uploads\/2020\/10\/logo.jpg 271w, https:\/\/yogaagma.com\/wp-content\/uploads\/2020\/10\/logo-258x300.jpg 258w\" sizes=\"(max-width: 242px) 100vw, 242px\" \/><\/figure>\n<\/div><\/div>\n\n\n\n<div class=\"wp-block-uagb-column uagb-column__wrap uagb-column__background-undefined uagb-block-47c84774\"><div class=\"uagb-column__overlay\"><\/div><div class=\"uagb-column__inner-wrap\">\n<h4 class=\"has-text-align-center has-white-color has-text-color wp-block-heading\">Isha zertifizierte Hatha Yoga Lehrerin in Z\u00fcrich, Schweiz &amp; Europa<\/h4>\n\n\n\n<h5 class=\"has-text-align-center terms has-white-color has-text-color wp-block-heading\" style=\"font-size:15px\"><a href=\"https:\/\/yogaagma.com\/de\/bedingungen-und-konditionen\/\">Bedingungen und Konditionen | Stornierungsbedingungen<\/a><\/h5>\n\n\n\n<div class=\"wp-block-uagb-team uagb-team uagb-team__outer-wrap uagb-team__image-position-above uagb-team__align-center uagb-team__stack-tablet uagb-block-06f2a7a9\"><div class=\"uagb-team__wrap\"><div class=\"uagb-team__content\"><div class=\"uagb-team__title-wrap\"><h4 class=\"uagb-team__title\"><\/h4><span class=\"uagb-team__prefix\"><\/span><\/div><div class=\"uagb-team__desc-wrap\"><p class=\"uagb-team__desc\"><\/p><\/div><div class=\"uagb-team__social-icon-wrap\"><ul class=\"uagb-team__social-list\"><li class=\"uagb-team__social-icon\"><a href=\"https:\/\/www.facebook.com\/yogaagma\" aria-label=\"fab fa-facebook\" target=\"_self\" title=\"\" rel=\"noopener noreferrer\"><svg xmlns=\"http:\/\/www.w3.org\/2000\/svg\" viewbox=\"0 0 512 512\"><path d=\"M504 256C504 119 393 8 256 8S8 119 8 256c0 123.78 90.69 226.38 209.25 245V327.69h-63V256h63v-54.64c0-62.15 37-96.48 93.67-96.48 27.14 0 55.52 4.84 55.52 4.84v61h-31.28c-30.8 0-40.41 19.12-40.41 38.73V256h68.78l-11 71.69h-57.78V501C413.31 482.38 504 379.78 504 256z\"><\/path><\/svg><\/a><\/li><li class=\"uagb-team__social-icon\"><a href=\"https:\/\/www.linkedin.com\/in\/karuneshwari\/\" aria-label=\"fab fa-linkedin\" target=\"_self\" title=\"\" rel=\"noopener noreferrer\"><svg xmlns=\"http:\/\/www.w3.org\/2000\/svg\" viewbox=\"0 0 448 512\"><path d=\"M416 32H31.9C14.3 32 0 46.5 0 64.3v383.4C0 465.5 14.3 480 31.9 480H416c17.6 0 32-14.5 32-32.3V64.3c0-17.8-14.4-32.3-32-32.3zM135.4 416H69V202.2h66.5V416zm-33.2-243c-21.3 0-38.5-17.3-38.5-38.5S80.9 96 102.2 96c21.2 0 38.5 17.3 38.5 38.5 0 21.3-17.2 38.5-38.5 38.5zm282.1 243h-66.4V312c0-24.8-.5-56.7-34.5-56.7-34.6 0-39.9 27-39.9 54.9V416h-66.4V202.2h63.7v29.2h.9c8.9-16.8 30.6-34.5 62.9-34.5 67.2 0 79.7 44.3 79.7 101.9V416z\"><\/path><\/svg><\/a><\/li><li class=\"uagb-team__social-icon\"><a href=\"https:\/\/www.instagram.com\/yogaagma\/\" aria-label=\"instagram\" target=\"_self\" title=\"\" rel=\"noopener noreferrer\"><svg xmlns=\"http:\/\/www.w3.org\/2000\/svg\" viewbox=\"0 0 448 512\"><path d=\"M224.1 141c-63.6 0-114.9 51.3-114.9 114.9s51.3 114.9 114.9 114.9S339 319.5 339 255.9 287.7 141 224.1 141zm0 189.6c-41.1 0-74.7-33.5-74.7-74.7s33.5-74.7 74.7-74.7 74.7 33.5 74.7 74.7-33.6 74.7-74.7 74.7zm146.4-194.3c0 14.9-12 26.8-26.8 26.8-14.9 0-26.8-12-26.8-26.8s12-26.8 26.8-26.8 26.8 12 26.8 26.8zm76.1 27.2c-1.7-35.9-9.9-67.7-36.2-93.9-26.2-26.2-58-34.4-93.9-36.2-37-2.1-147.9-2.1-184.9 0-35.8 1.7-67.6 9.9-93.9 36.1s-34.4 58-36.2 93.9c-2.1 37-2.1 147.9 0 184.9 1.7 35.9 9.9 67.7 36.2 93.9s58 34.4 93.9 36.2c37 2.1 147.9 2.1 184.9 0 35.9-1.7 67.7-9.9 93.9-36.2 26.2-26.2 34.4-58 36.2-93.9 2.1-37 2.1-147.8 0-184.8zM398.8 388c-7.8 19.6-22.9 34.7-42.6 42.6-29.5 11.7-99.5 9-132.1 9s-102.7 2.6-132.1-9c-19.6-7.8-34.7-22.9-42.6-42.6-11.7-29.5-9-99.5-9-132.1s-2.6-102.7 9-132.1c7.8-19.6 22.9-34.7 42.6-42.6 29.5-11.7 99.5-9 132.1-9s102.7-2.6 132.1 9c19.6 7.8 34.7 22.9 42.6 42.6 11.7 29.5 9 99.5 9 132.1s2.7 102.7-9 132.1z\"><\/path><\/svg><\/a><\/li><\/ul><\/div><\/div><\/div><\/div>\n<\/div><\/div>\n<\/div><\/section>\n","protected":false},"excerpt":{"rendered":"<p>Bedingungen &amp; Konditionen des Dienstes 1. GELTUNGSBEREICH UND GEGENSTAND DER ALLGEMEINEN GESCH\u00c4FTSBEDINGUNGEN Dazu geh\u00f6ren alle Aktivit\u00e4ten von Yogaagma (Schweiz) (nachfolgend Leistungserbringer\/Veranstalter genannt), wie Workshops, Ausbildungen, Yogaurlaube\/Retreats, Gemeinschaftsveranstaltungen etc. und\/oder der Abschluss von nicht genannten Vertr\u00e4gen, die mit den genannten Gesch\u00e4ftsaktivit\u00e4ten in Zusammenhang stehen. Der Dienstleister erbringt in erster Linie kostenpflichtige Dienstleistungen im Bereich des Yoga. [&hellip;]<\/p>\n","protected":false},"author":2,"featured_media":0,"parent":0,"menu_order":0,"comment_status":"closed","ping_status":"closed","template":"","meta":{"_uag_custom_page_level_css":"","site-sidebar-layout":"default","site-content-layout":"default","ast-site-content-layout":"default","site-content-style":"default","site-sidebar-style":"default","ast-global-header-display":"","ast-banner-title-visibility":"","ast-main-header-display":"","ast-hfb-above-header-display":"","ast-hfb-below-header-display":"","ast-hfb-mobile-header-display":"","site-post-title":"","ast-breadcrumbs-content":"","ast-featured-img":"","footer-sml-layout":"","ast-disable-related-posts":"","theme-transparent-header-meta":"default","adv-header-id-meta":"","stick-header-meta":"default","header-above-stick-meta":"","header-main-stick-meta":"","header-below-stick-meta":"","astra-migrate-meta-layouts":"default","ast-page-background-enabled":"default","ast-page-background-meta":{"desktop":{"background-color":"","background-image":"","background-repeat":"repeat","background-position":"center center","background-size":"auto","background-attachment":"scroll","background-type":"","background-media":"","overlay-type":"","overlay-color":"","overlay-opacity":"","overlay-gradient":""},"tablet":{"background-color":"","background-image":"","background-repeat":"repeat","background-position":"center center","background-size":"auto","background-attachment":"scroll","background-type":"","background-media":"","overlay-type":"","overlay-color":"","overlay-opacity":"","overlay-gradient":""},"mobile":{"background-color":"","background-image":"","background-repeat":"repeat","background-position":"center center","background-size":"auto","background-attachment":"scroll","background-type":"","background-media":"","overlay-type":"","overlay-color":"","overlay-opacity":"","overlay-gradient":""}},"ast-content-background-meta":{"desktop":{"background-color":"var(--ast-global-color-5)","background-image":"","background-repeat":"repeat","background-position":"center center","background-size":"auto","background-attachment":"scroll","background-type":"","background-media":"","overlay-type":"","overlay-color":"","overlay-opacity":"","overlay-gradient":""},"tablet":{"background-color":"var(--ast-global-color-5)","background-image":"","background-repeat":"repeat","background-position":"center center","background-size":"auto","background-attachment":"scroll","background-type":"","background-media":"","overlay-type":"","overlay-color":"","overlay-opacity":"","overlay-gradient":""},"mobile":{"background-color":"var(--ast-global-color-5)","background-image":"","background-repeat":"repeat","background-position":"center center","background-size":"auto","background-attachment":"scroll","background-type":"","background-media":"","overlay-type":"","overlay-color":"","overlay-opacity":"","overlay-gradient":""}},"footnotes":""},"class_list":["post-7606","page","type-page","status-publish","hentry"],"uagb_featured_image_src":{"full":false,"thumbnail":false,"medium":false,"medium_large":false,"large":false,"1536x1536":false,"2048x2048":false},"uagb_author_info":{"display_name":"SUPRIYA CHELLAIYAN","author_link":"https:\/\/yogaagma.com\/de\/author\/supriya\/"},"uagb_comment_info":0,"uagb_excerpt":"Bedingungen &amp; Konditionen des Dienstes 1. GELTUNGSBEREICH UND GEGENSTAND DER ALLGEMEINEN GESCH\u00c4FTSBEDINGUNGEN Dazu geh\u00f6ren alle Aktivit\u00e4ten von Yogaagma (Schweiz) (nachfolgend Leistungserbringer\/Veranstalter genannt), wie Workshops, Ausbildungen, Yogaurlaube\/Retreats, Gemeinschaftsveranstaltungen etc. und\/oder der Abschluss von nicht genannten Vertr\u00e4gen, die mit den genannten Gesch\u00e4ftsaktivit\u00e4ten in Zusammenhang stehen. Der Dienstleister erbringt in erster Linie kostenpflichtige Dienstleistungen im Bereich des Yoga.&hellip;","_links":{"self":[{"href":"https:\/\/yogaagma.com\/de\/wp-json\/wp\/v2\/pages\/7606","targetHints":{"allow":["GET"]}}],"collection":[{"href":"https:\/\/yogaagma.com\/de\/wp-json\/wp\/v2\/pages"}],"about":[{"href":"https:\/\/yogaagma.com\/de\/wp-json\/wp\/v2\/types\/page"}],"author":[{"embeddable":true,"href":"https:\/\/yogaagma.com\/de\/wp-json\/wp\/v2\/users\/2"}],"replies":[{"embeddable":true,"href":"https:\/\/yogaagma.com\/de\/wp-json\/wp\/v2\/comments?post=7606"}],"version-history":[{"count":5,"href":"https:\/\/yogaagma.com\/de\/wp-json\/wp\/v2\/pages\/7606\/revisions"}],"predecessor-version":[{"id":9662,"href":"https:\/\/yogaagma.com\/de\/wp-json\/wp\/v2\/pages\/7606\/revisions\/9662"}],"wp:attachment":[{"href":"https:\/\/yogaagma.com\/de\/wp-json\/wp\/v2\/media?parent=7606"}],"curies":[{"name":"wp","href":"https:\/\/api.w.org\/{rel}","templated":true}]}}