{"id":7328,"date":"2021-04-30T21:48:55","date_gmt":"2021-04-30T21:48:55","guid":{"rendered":"https:\/\/yogaagma.com\/faq\/"},"modified":"2024-07-15T19:29:37","modified_gmt":"2024-07-15T19:29:37","slug":"faq","status":"publish","type":"page","link":"https:\/\/yogaagma.com\/de\/yoga\/faq\/","title":{"rendered":"Yoga FAQ"},"content":{"rendered":"\n<div style=\"height:50px\" aria-hidden=\"true\" class=\"wp-block-spacer\"><\/div>\n\n<div class=\"wp-block-uagb-advanced-heading uagb-block-79a3de99 spacing\"><h2 class=\"uagb-heading-text\">H\u00e4ufig gestellte Fragen zu Yoga<\/h2><div class=\"uagb-separator\"><\/div><\/div>\n\n<section class=\"wp-block-uagb-columns uagb-columns__wrap uagb-columns__stack-mobile uagb-columns__valign- uagb-columns__gap-10 align uagb-block-672b3969 uagb-columns__columns-3 uagb-columns__max_width-theme\"><div class=\"uagb-columns__overlay\"><\/div><div class=\"uagb-columns__inner-wrap uagb-columns__columns-3\">\n<div class=\"wp-block-uagb-column uagb-column__wrap uagb-column__background-undefined uagb-block-0ef6bda4\"><div class=\"uagb-column__overlay\"><\/div><\/div>\n\n\n\n<div class=\"wp-block-uagb-column uagb-column__wrap uagb-column__background-undefined uagb-block-75ad48b7\"><div class=\"uagb-column__overlay\"><\/div>\n<div class=\"schema-faq wp-block-yoast-faq-block\"><div class=\"schema-faq-section\" id=\"faq-question-1619819540782\"><strong class=\"schema-faq-question\">Muss ich an allen Sitzungen des Workshops teilnehmen?<br\/><\/strong> <p class=\"schema-faq-answer\">Ja, Sie m\u00fcssen an allen Sitzungen des Workshops teilnehmen, um die gesamte Praxis zu erlernen, damit Sie sie zu Hause selbst\u00e4ndig durchf\u00fchren k\u00f6nnen. Wir unterrichten verschiedene Hatha-Yoga-Praktiken. Einige Workshops dauern insgesamt 6 &#8211; 7 Stunden, manche Praktiken 10+ Stunden. Daher sind die Workshops auf 3 oder 4 Sitzungen ausgelegt.<\/p> <\/div> <div class=\"schema-faq-section\" id=\"faq-question-1641593962691\"><strong class=\"schema-faq-question\">Findet mein Workshop statt, wenn ich mich angemeldet habe?<br\/><\/strong> <p class=\"schema-faq-answer\">Wir ben\u00f6tigen mindestens 5 Personen, damit der Workshop stattfinden kann.<\/p> <\/div> <div class=\"schema-faq-section\" id=\"faq-question-1619819608838\"><strong class=\"schema-faq-question\">Mein Englisch ist nicht so gut, werde ich verstehen k\u00f6nnen, was in der Klasse passiert?<br\/><\/strong> <p class=\"schema-faq-answer\">Ihr Lehrer spricht sowohl flie\u00dfend Deutsch als auch Englisch. Im Moment bieten wir offiziell keine Deutschkurse an, aber wir k\u00f6nnen trotzdem Leute aufnehmen, die der englischen Sprache nicht m\u00e4chtig sind. In diesen F\u00e4llen k\u00f6nnen die Teilnehmer mit deutschen Anweisungen in der Klasse gef\u00fchrt werden. Wir empfehlen Ihnen, uns anzurufen und uns entscheiden zu lassen, ob Sie eine deutsche Klasse ben\u00f6tigen oder ob eine englische Klasse ausreichend ist.<br\/><\/p> <\/div> <div class=\"schema-faq-section\" id=\"faq-question-1619820256392\"><strong class=\"schema-faq-question\">Warum brauche ich so viele Stunden, um eine Yogapraxis zu erlernen?<br\/><\/strong> <p class=\"schema-faq-answer\">Diese Hatha-Yoga-Praktiken wurden von Sadhguru sorgf\u00e4ltig entworfen und sind sehr detailliert aufgebaut. Sie lernen die Praxis Schritt f\u00fcr Schritt, die eine gute Dauer der Zeit erfordert und daher brauchen wir diese viele Stunden, um eine Hatha Yoga Praxis zu unterrichten.<br\/><\/p> <\/div> <div class=\"schema-faq-section\" id=\"faq-question-1619820254679\"><strong class=\"schema-faq-question\">Warum muss mein Yogalehrer von meinem Gesundheitszustand wissen?<br\/><\/strong> <p class=\"schema-faq-answer\">Es ist sehr wichtig, dass Sie uns Ihre Krankengeschichte oder Ihren aktuellen Gesundheitszustand mitteilen, damit wir Sie entsprechend beraten k\u00f6nnen, und wenn wir Ihnen eine alternative Praxis empfehlen m\u00fcssen, die f\u00fcr Sie besser geeignet ist, k\u00f6nnen wir Ihnen den Weg weisen.<br\/><\/p> <\/div> <div class=\"schema-faq-section\" id=\"faq-question-1619820293331\"><strong class=\"schema-faq-question\">Kann ich in Zukunft eine Korrektur oder eine \u00dcberpr\u00fcfungssitzung buchen?<br\/><\/strong> <p class=\"schema-faq-answer\">Wir f\u00fchren Korrektur-Sitzungen auf Stundenbasis durch, und Sie k\u00f6nnen so oft kommen, wie Sie m\u00f6chten. Die Korrektursitzungen dienen nur dazu, die feineren Aspekte in Ihre Praxis einzubringen, wenn Sie bereits gr\u00fcndlich mit dem Rest der Praxis fertig sind.<br\/><\/p> <\/div> <div class=\"schema-faq-section\" id=\"faq-question-1619820314462\"><strong class=\"schema-faq-question\">Werde ich irgendwelche Unterlagen als Unterst\u00fctzung erhalten?<br\/><\/strong> <p class=\"schema-faq-answer\">Ja, Sie erhalten ein Handout f\u00fcr die \u00dcbung in der letzten Sitzung des Workshops.<br\/><\/p> <\/div> <div class=\"schema-faq-section\" id=\"faq-question-1619820330900\"><strong class=\"schema-faq-question\">Bekomme ich Unterst\u00fctzung, nachdem ich die Praxis erlernt habe?<br\/><\/strong> <p class=\"schema-faq-answer\">Ja, Sie k\u00f6nnen sich an Ihre Lehrerin wenden und ihre Unterst\u00fctzung in Anspruch nehmen, wenn Sie Zweifel an der Praxis haben.<br\/><\/p> <\/div> <div class=\"schema-faq-section\" id=\"faq-question-1619820347610\"><strong class=\"schema-faq-question\">Kann ich in der ersten Woche zu einer Sitzung kommen und die zweite Sitzung in ein paar Tagen?<br\/><\/strong> <p class=\"schema-faq-answer\">Nein, die Praktiken m\u00fcssen in aufeinanderfolgenden Sitzungen unterrichtet werden, d.h. Sie k\u00f6nnen sie entweder an einem Wochenende intensiv lernen oder \u00fcber einen Zeitraum von 3-4 Tagen kommen und sie lernen, aber wir k\u00f6nnen keinen Abstand von einem Tag zwischen den Sitzungen haben. Die Praktiken wurden von Sadhguru entworfen und werden in einer spezifischen Struktur gelehrt, um die beste Erfahrung und den besten Lernprozess f\u00fcr die Teilnehmer zu gew\u00e4hrleisten.<br\/><\/p> <\/div> <div class=\"schema-faq-section\" id=\"faq-question-1619820366679\"><strong class=\"schema-faq-question\">Warum kostet es so viel?<br\/><\/strong> <p class=\"schema-faq-answer\">Dies ist kein normaler Yoga-Kurs, Ihr Lehrer ist ein hochqualifizierter Lehrer mit 1750 Stunden Lehrerausbildung, die die h\u00f6chste in der Welt ist. Wir unterrichten Sie auch mindestens 6-7 Stunden oder maximal 10 Stunden, um diese Praxis zu vermitteln. Wir sind kein Yogastudio, in das Sie regelm\u00e4\u00dfig kommen m\u00fcssen, sondern wir statten Sie mit den Werkzeugen der Praxis aus, so dass Sie in der Lage sind, in der Bequemlichkeit Ihres Hauses zu praktizieren.<br\/><\/p> <\/div> <div class=\"schema-faq-section\" id=\"faq-question-1619820384686\"><strong class=\"schema-faq-question\">Ich m\u00f6chte einen Monat lang zweimal pro Woche zum Unterricht kommen!!!<br\/><\/strong> <p class=\"schema-faq-answer\">Wir haben diese Option noch nicht er\u00f6ffnet, aber selbst um in der Lage zu sein, sich dazu zu verpflichten, w\u00e4re der erste Schritt, die Praxis in einem Workshop-Format erlernt zu haben, wir k\u00f6nnen Sie dann unterst\u00fctzen, indem wir Sie f\u00fcr die Praktiken in Anwesenheit eines Hatha-Yoga-Lehrers anleiten und Sie k\u00f6nnen dann auf einer w\u00f6chentlichen Basis besuchen. Sie k\u00f6nnen Ihr Interesse an diesem Thema gegen\u00fcber Ihrem Lehrer bekunden.<br\/><\/p> <\/div> <div class=\"schema-faq-section\" id=\"faq-question-1666184165511\"><strong class=\"schema-faq-question\">Kann ich bei der Ankunft bar bezahlen, da ich diese Option gew\u00e4hlt habe?<br\/><\/strong> <p class=\"schema-faq-answer\">Diese Option wird ung\u00fcltig, sobald der Workshop ausgebucht ist, die Pl\u00e4tze werden dann nur noch bei vorherigem Zahlungseingang per \u00dcberweisung oder Twint best\u00e4tigt.<\/p> <\/div> <\/div>\n<\/div>\n\n\n\n<div class=\"wp-block-uagb-column uagb-column__wrap uagb-column__background-undefined uagb-block-991236f1\"><div class=\"uagb-column__overlay\"><\/div><\/div>\n<\/div><\/section>\n\n<div style=\"height:30px\" aria-hidden=\"true\" class=\"wp-block-spacer\"><\/div>\n\n<section class=\"wp-block-uagb-section uagb-section__wrap uagb-section__background-color uagb-block-45938a3a\"><div class=\"uagb-section__overlay\"><\/div><div class=\"uagb-section__inner-wrap\">\n<h3 class=\"wp-block-heading has-text-align-center\">Siehe unseren Zeitplan f\u00fcr Hatha-Yoga-Kurse auf unserer Seite <a href=\"https:\/\/yogaagma.com\/de\/upcoming\/\">f\u00fcr kommende Workshops<\/a> <\/h3>\n\n\n\n<h4 class=\"wp-block-heading has-text-align-center has-medium-font-size\">Wir k\u00f6nnen auch ma\u00dfgeschneiderte Klassen nach Ihren Bed\u00fcrfnissen Drop in eine <a href=\"https:\/\/yogaagma.com\/de\/kontakt\/\">Nachricht<\/a> f\u00fcr mehr<\/h4>\n\n\n\n<div class=\"wp-block-uagb-buttons uagb-buttons__outer-wrap uagb-btn__default-btn uagb-btn-tablet__default-btn uagb-btn-mobile__default-btn uagb-block-b16d8f4c\"><div class=\"uagb-buttons__wrap uagb-buttons-layout-wrap \">\n<div class=\"wp-block-uagb-buttons-child uagb-buttons__outer-wrap uagb-block-81fe1074 wp-block-button\"><div class=\"uagb-button__wrapper\"><a class=\"uagb-buttons-repeater wp-block-button__link\" aria-label=\"\" href=\"https:\/\/yogaagma.com\/de\/yoga\/wichtigste-praxis\/bhuta-shuddhi\/\" rel=\"follow noopener\" target=\"_self\" role=\"button\"><div class=\"uagb-button__link\">Bhuta Shuddhi<\/div><\/a><\/div><\/div>\n\n\n\n<div class=\"wp-block-uagb-buttons-child uagb-buttons__outer-wrap uagb-block-2db675d5 wp-block-button\"><div class=\"uagb-button__wrapper\"><a class=\"uagb-buttons-repeater wp-block-button__link\" aria-label=\"\" href=\"https:\/\/yogaagma.com\/de\/?page_id=7313\" rel=\"follow noopener\" target=\"_self\" role=\"button\"><div class=\"uagb-button__link\">Kinder Yoga<\/div><\/a><\/div><\/div>\n\n\n\n<div class=\"wp-block-uagb-buttons-child uagb-buttons__outer-wrap uagb-block-f05c6ec3 wp-block-button\"><div class=\"uagb-button__wrapper\"><a class=\"uagb-buttons-repeater wp-block-button__link\" aria-label=\"\" href=\"https:\/\/yogaagma.com\/de\/yoga\/wichtigste-praxis\/angamardana\/\" rel=\"follow noopener\" target=\"_self\" role=\"button\"><div class=\"uagb-button__link\">Angamardana<\/div><\/a><\/div><\/div>\n\n\n\n<div class=\"wp-block-uagb-buttons-child uagb-buttons__outer-wrap uagb-block-59ab34d8 wp-block-button\"><div class=\"uagb-button__wrapper\"><a class=\"uagb-buttons-repeater wp-block-button__link\" aria-label=\"\" href=\"https:\/\/yogaagma.com\/de\/yoga\/wichtigste-praxis\/yogasanas\/\" rel=\"follow noopener\" target=\"_self\" role=\"button\"><div class=\"uagb-button__link\">Yogasanas<\/div><\/a><\/div><\/div>\n\n\n\n<div class=\"wp-block-uagb-buttons-child uagb-buttons__outer-wrap uagb-block-ad148907 wp-block-button\"><div class=\"uagb-button__wrapper\"><a class=\"uagb-buttons-repeater wp-block-button__link\" aria-label=\"\" href=\"https:\/\/yogaagma.com\/de\/yoga\/wichtigste-praxis\/surya-kriya\/\" rel=\"follow noopener\" target=\"_self\" role=\"button\"><div class=\"uagb-button__link\">Surya Kriya<\/div><\/a><\/div><\/div>\n\n\n\n<div class=\"wp-block-uagb-buttons-child uagb-buttons__outer-wrap uagb-block-a68c1668 wp-block-button\"><div class=\"uagb-button__wrapper\"><a class=\"uagb-buttons-repeater wp-block-button__link\" aria-label=\"\" href=\"https:\/\/yogaagma.com\/de\/yoga\/wichtigste-praxis\/upa-yoga\/\" rel=\"follow noopener\" target=\"_self\" role=\"button\"><div class=\"uagb-button__link\">Upa Yoga<\/div><\/a><\/div><\/div>\n<\/div><\/div>\n<\/div><\/section>\n\n<div style=\"height:20px\" aria-hidden=\"true\" class=\"wp-block-spacer\"><\/div>\n\n<section class=\"wp-block-uagb-columns uagb-columns__wrap uagb-columns__background-color uagb-columns__stack-mobile uagb-columns__valign- uagb-columns__gap-10 align uagb-block-b23c27c1 uagb-columns__columns-2 uagb-columns__max_width-theme\"><div class=\"uagb-columns__overlay\"><\/div><div class=\"uagb-columns__inner-wrap uagb-columns__columns-2\">\n<div class=\"wp-block-uagb-column uagb-column__wrap uagb-column__background-undefined uagb-block-a8a9c889\"><div class=\"uagb-column__overlay\"><\/div>\n<figure class=\"wp-block-image aligncenter size-large is-resized\"><img fetchpriority=\"high\" decoding=\"async\" width=\"271\" height=\"315\" src=\"https:\/\/yogaagma.com\/wp-content\/uploads\/2020\/10\/logo.jpg\" alt=\"Isha Hatha Yoga Schule\" class=\"wp-image-1131\" style=\"width:242px;height:282px\" srcset=\"https:\/\/yogaagma.com\/wp-content\/uploads\/2020\/10\/logo.jpg 271w, https:\/\/yogaagma.com\/wp-content\/uploads\/2020\/10\/logo-258x300.jpg 258w\" sizes=\"(max-width: 271px) 100vw, 271px\" \/><\/figure>\n<\/div>\n\n\n\n<div class=\"wp-block-uagb-column uagb-column__wrap uagb-column__background-undefined uagb-block-352455f2\"><div class=\"uagb-column__overlay\"><\/div>\n<div style=\"height:30px\" aria-hidden=\"true\" class=\"wp-block-spacer\"><\/div>\n\n\n\n<h4 class=\"wp-block-heading has-text-align-center has-white-color has-text-color\">Isha zertifizierte Hatha Yoga Lehrerin in Z\u00fcrich, Schweiz &amp; Europa<\/h4>\n\n\n\n<h5 class=\"wp-block-heading has-text-align-center terms has-white-color has-text-color\" style=\"font-size:15px\"><a href=\"https:\/\/yogaagma.com\/de\/bedingungen-und-konditionen\/\">Bedingungen und Konditionen | Stornierungsbedingungen<\/a><\/h5>\n\n\n\n<div class=\"wp-block-uagb-team uagb-team__image-position-above uagb-team__align-center uagb-team__stack-tablet uagb-block-edd38dac uagb-team uagb-team__outer-wrap\"><div class=\"uagb-team__content\"><h4 class=\"uagb-team__title\"><\/h4><span class=\"uagb-team__prefix\"><\/span><p class=\"uagb-team__desc\"><\/p><ul class=\"uagb-team__social-list\"><li class=\"uagb-team__social-icon\"><a href=\"https:\/\/www.facebook.com\/yogaagma\" aria-label=\"facebook\" target=\"_self\" title=\"\" rel=\"noopener noreferrer\"><svg xmlns=\"https:\/\/www.w3.org\/2000\/svg\" viewbox=\"0 0 512 512\"><path d=\"M504 256C504 119 393 8 256 8S8 119 8 256c0 123.8 90.69 226.4 209.3 245V327.7h-63V256h63v-54.64c0-62.15 37-96.48 93.67-96.48 27.14 0 55.52 4.84 55.52 4.84v61h-31.28c-30.8 0-40.41 19.12-40.41 38.73V256h68.78l-11 71.69h-57.78V501C413.3 482.4 504 379.8 504 256z\"><\/path><\/svg><\/a><\/li><li class=\"uagb-team__social-icon\"><a href=\"https:\/\/www.linkedin.com\/in\/karuneshwari\/\" aria-label=\"linkedin\" target=\"_self\" title=\"\" rel=\"noopener noreferrer\"><svg xmlns=\"https:\/\/www.w3.org\/2000\/svg\" viewbox=\"0 0 448 512\"><path d=\"M416 32H31.9C14.3 32 0 46.5 0 64.3v383.4C0 465.5 14.3 480 31.9 480H416c17.6 0 32-14.5 32-32.3V64.3c0-17.8-14.4-32.3-32-32.3zM135.4 416H69V202.2h66.5V416zm-33.2-243c-21.3 0-38.5-17.3-38.5-38.5S80.9 96 102.2 96c21.2 0 38.5 17.3 38.5 38.5 0 21.3-17.2 38.5-38.5 38.5zm282.1 243h-66.4V312c0-24.8-.5-56.7-34.5-56.7-34.6 0-39.9 27-39.9 54.9V416h-66.4V202.2h63.7v29.2h.9c8.9-16.8 30.6-34.5 62.9-34.5 67.2 0 79.7 44.3 79.7 101.9V416z\"><\/path><\/svg><\/a><\/li><li class=\"uagb-team__social-icon\"><a href=\"https:\/\/www.instagram.com\/yogaagma\/\" aria-label=\"instagram\" target=\"_self\" title=\"\" rel=\"noopener noreferrer\"><svg xmlns=\"https:\/\/www.w3.org\/2000\/svg\" viewbox=\"0 0 448 512\"><path d=\"M224.1 141c-63.6 0-114.9 51.3-114.9 114.9s51.3 114.9 114.9 114.9S339 319.5 339 255.9 287.7 141 224.1 141zm0 189.6c-41.1 0-74.7-33.5-74.7-74.7s33.5-74.7 74.7-74.7 74.7 33.5 74.7 74.7-33.6 74.7-74.7 74.7zm146.4-194.3c0 14.9-12 26.8-26.8 26.8-14.9 0-26.8-12-26.8-26.8s12-26.8 26.8-26.8 26.8 12 26.8 26.8zm76.1 27.2c-1.7-35.9-9.9-67.7-36.2-93.9-26.2-26.2-58-34.4-93.9-36.2-37-2.1-147.9-2.1-184.9 0-35.8 1.7-67.6 9.9-93.9 36.1s-34.4 58-36.2 93.9c-2.1 37-2.1 147.9 0 184.9 1.7 35.9 9.9 67.7 36.2 93.9s58 34.4 93.9 36.2c37 2.1 147.9 2.1 184.9 0 35.9-1.7 67.7-9.9 93.9-36.2 26.2-26.2 34.4-58 36.2-93.9 2.1-37 2.1-147.8 0-184.8zM398.8 388c-7.8 19.6-22.9 34.7-42.6 42.6-29.5 11.7-99.5 9-132.1 9s-102.7 2.6-132.1-9c-19.6-7.8-34.7-22.9-42.6-42.6-11.7-29.5-9-99.5-9-132.1s-2.6-102.7 9-132.1c7.8-19.6 22.9-34.7 42.6-42.6 29.5-11.7 99.5-9 132.1-9s102.7-2.6 132.1 9c19.6 7.8 34.7 22.9 42.6 42.6 11.7 29.5 9 99.5 9 132.1s2.7 102.7-9 132.1z\"><\/path><\/svg><\/a><\/li><\/ul><\/div><\/div>\n<\/div>\n<\/div><\/section>\n","protected":false},"excerpt":{"rendered":"<p>H\u00e4ufig gestellte Fragen zu Yoga Muss ich an allen Sitzungen des Workshops teilnehmen? Ja, Sie m\u00fcssen an allen Sitzungen des Workshops teilnehmen, um die gesamte Praxis zu erlernen, damit Sie sie zu Hause selbst\u00e4ndig durchf\u00fchren k\u00f6nnen. Wir unterrichten verschiedene Hatha-Yoga-Praktiken. Einige Workshops dauern insgesamt 6 &#8211; 7 Stunden, manche Praktiken 10+ Stunden. Daher sind die [&hellip;]<\/p>\n","protected":false},"author":2,"featured_media":0,"parent":9601,"menu_order":0,"comment_status":"closed","ping_status":"closed","template":"","meta":{"_uag_custom_page_level_css":"","site-sidebar-layout":"default","site-content-layout":"default","ast-site-content-layout":"default","site-content-style":"default","site-sidebar-style":"default","ast-global-header-display":"","ast-banner-title-visibility":"","ast-main-header-display":"","ast-hfb-above-header-display":"","ast-hfb-below-header-display":"","ast-hfb-mobile-header-display":"","site-post-title":"","ast-breadcrumbs-content":"","ast-featured-img":"","footer-sml-layout":"","ast-disable-related-posts":"","theme-transparent-header-meta":"default","adv-header-id-meta":"","stick-header-meta":"default","header-above-stick-meta":"","header-main-stick-meta":"","header-below-stick-meta":"","astra-migrate-meta-layouts":"default","ast-page-background-enabled":"default","ast-page-background-meta":{"desktop":{"background-color":"","background-image":"","background-repeat":"repeat","background-position":"center center","background-size":"auto","background-attachment":"scroll","background-type":"","background-media":"","overlay-type":"","overlay-color":"","overlay-opacity":"","overlay-gradient":""},"tablet":{"background-color":"","background-image":"","background-repeat":"repeat","background-position":"center center","background-size":"auto","background-attachment":"scroll","background-type":"","background-media":"","overlay-type":"","overlay-color":"","overlay-opacity":"","overlay-gradient":""},"mobile":{"background-color":"","background-image":"","background-repeat":"repeat","background-position":"center center","background-size":"auto","background-attachment":"scroll","background-type":"","background-media":"","overlay-type":"","overlay-color":"","overlay-opacity":"","overlay-gradient":""}},"ast-content-background-meta":{"desktop":{"background-color":"var(--ast-global-color-5)","background-image":"","background-repeat":"repeat","background-position":"center center","background-size":"auto","background-attachment":"scroll","background-type":"","background-media":"","overlay-type":"","overlay-color":"","overlay-opacity":"","overlay-gradient":""},"tablet":{"background-color":"var(--ast-global-color-5)","background-image":"","background-repeat":"repeat","background-position":"center center","background-size":"auto","background-attachment":"scroll","background-type":"","background-media":"","overlay-type":"","overlay-color":"","overlay-opacity":"","overlay-gradient":""},"mobile":{"background-color":"var(--ast-global-color-5)","background-image":"","background-repeat":"repeat","background-position":"center center","background-size":"auto","background-attachment":"scroll","background-type":"","background-media":"","overlay-type":"","overlay-color":"","overlay-opacity":"","overlay-gradient":""}},"footnotes":""},"class_list":["post-7328","page","type-page","status-publish","hentry"],"uagb_featured_image_src":{"full":false,"thumbnail":false,"medium":false,"medium_large":false,"large":false,"1536x1536":false,"2048x2048":false},"uagb_author_info":{"display_name":"SUPRIYA CHELLAIYAN","author_link":"https:\/\/yogaagma.com\/de\/author\/supriya\/"},"uagb_comment_info":0,"uagb_excerpt":"H\u00e4ufig gestellte Fragen zu Yoga Muss ich an allen Sitzungen des Workshops teilnehmen? Ja, Sie m\u00fcssen an allen Sitzungen des Workshops teilnehmen, um die gesamte Praxis zu erlernen, damit Sie sie zu Hause selbst\u00e4ndig durchf\u00fchren k\u00f6nnen. Wir unterrichten verschiedene Hatha-Yoga-Praktiken. Einige Workshops dauern insgesamt 6 &#8211; 7 Stunden, manche Praktiken 10+ Stunden. Daher sind die&hellip;","_links":{"self":[{"href":"https:\/\/yogaagma.com\/de\/wp-json\/wp\/v2\/pages\/7328","targetHints":{"allow":["GET"]}}],"collection":[{"href":"https:\/\/yogaagma.com\/de\/wp-json\/wp\/v2\/pages"}],"about":[{"href":"https:\/\/yogaagma.com\/de\/wp-json\/wp\/v2\/types\/page"}],"author":[{"embeddable":true,"href":"https:\/\/yogaagma.com\/de\/wp-json\/wp\/v2\/users\/2"}],"replies":[{"embeddable":true,"href":"https:\/\/yogaagma.com\/de\/wp-json\/wp\/v2\/comments?post=7328"}],"version-history":[{"count":5,"href":"https:\/\/yogaagma.com\/de\/wp-json\/wp\/v2\/pages\/7328\/revisions"}],"predecessor-version":[{"id":9808,"href":"https:\/\/yogaagma.com\/de\/wp-json\/wp\/v2\/pages\/7328\/revisions\/9808"}],"up":[{"embeddable":true,"href":"https:\/\/yogaagma.com\/de\/wp-json\/wp\/v2\/pages\/9601"}],"wp:attachment":[{"href":"https:\/\/yogaagma.com\/de\/wp-json\/wp\/v2\/media?parent=7328"}],"curies":[{"name":"wp","href":"https:\/\/api.w.org\/{rel}","templated":true}]}}