{"id":7318,"date":"2021-04-28T13:24:08","date_gmt":"2021-04-28T13:24:08","guid":{"rendered":"https:\/\/yogaagma.com\/wichtigste-praxis\/"},"modified":"2024-07-15T19:28:30","modified_gmt":"2024-07-15T19:28:30","slug":"wichtigste-praxis","status":"publish","type":"page","link":"https:\/\/yogaagma.com\/de\/yoga\/wichtigste-praxis\/","title":{"rendered":"Was wir lehren"},"content":{"rendered":"\n<div style=\"height:20px\" aria-hidden=\"true\" class=\"wp-block-spacer\"><\/div>\n\n<div class=\"wp-block-uagb-advanced-heading uagb-block-84033b6a spacing\"><h1 class=\"uagb-heading-text\">Isha-Yoga-Workshops<\/h1><div class=\"uagb-separator\"><\/div><p class=\"uagb-desc-text\">Yoga entworfen von Sadhguru in der Schweiz<\/p><\/div>\n\n<div style=\"height:10px\" aria-hidden=\"true\" class=\"wp-block-spacer\"><\/div>\n\n<section class=\"wp-block-uagb-columns uagb-columns__wrap uagb-columns__background-none uagb-columns__stack-mobile uagb-columns__valign- uagb-columns__gap-10 align uagb-block-34f4a3dd uagb-columns__columns-2 uagb-columns__max_width-theme\"><div class=\"uagb-columns__overlay\"><\/div><div class=\"uagb-columns__inner-wrap uagb-columns__columns-2\">\n<div class=\"wp-block-uagb-column uagb-column__wrap uagb-column__background-color uagb-block-9ada9007\"><div class=\"uagb-column__overlay\"><\/div>\n<div style=\"height:10px\" aria-hidden=\"true\" class=\"wp-block-spacer\"><\/div>\n\n\n\n<div class=\"wp-block-uagb-advanced-heading uagb-block-03e8201f\"><h3 class=\"uagb-heading-text\">Wie Sie lernen<\/h3><div class=\"uagb-separator\"><\/div><p class=\"uagb-desc-text\">Untenstehend finden Sie eine Liste der Kernprogramme des klassischen Hatha Yoga der Isha Foundation, die wir regelm\u00e4ssig im Yogaagma Yoga Studio Z\u00fcrich unterrichten. Wir unterrichten Yogapraktiken, die f\u00fcr jeden geeignet sind, und haben f\u00fcr alle Fitnessniveaus und Altersgruppen etwas im Angebot, angefangen bei 4 Jahren.  <br\/><br\/>Die Isha-Yoga-Praktiken bieten eine Einf\u00fchrung in die Meditation, und die Workshops k\u00f6nnen auf die individuellen Bed\u00fcrfnisse und medizinischen Anforderungen zugeschnitten werden.<br\/><br\/>Die Praktiken werden in einem Workshop-Format gelehrt, in dem Sie eine komplette Hatha-Yoga-Praxis in mehreren Sitzungen erlernen, und wenn Sie das Programm abschlie\u00dfen, werden Sie in der Lage sein, die Yoga-Praxis selbst zu Hause durchzuf\u00fchren.<br\/><\/p><\/div>\n<\/div>\n\n\n\n<div class=\"wp-block-uagb-column uagb-column__wrap uagb-column__background-color uagb-block-13915085\"><div class=\"uagb-column__overlay\"><\/div>\n<figure class=\"wp-block-image aligncenter size-full is-style-default\"><img fetchpriority=\"high\" decoding=\"async\" width=\"500\" height=\"755\" src=\"https:\/\/yogaagma.com\/wp-content\/uploads\/2022\/05\/How-we-teach-1.jpg\" alt=\"isha hatha yoga lehrer z&#xFC;rich schweiz, sadhguru\" class=\"wp-image-6848\" srcset=\"https:\/\/yogaagma.com\/wp-content\/uploads\/2022\/05\/How-we-teach-1.jpg 500w, https:\/\/yogaagma.com\/wp-content\/uploads\/2022\/05\/How-we-teach-1-199x300.jpg 199w, https:\/\/yogaagma.com\/wp-content\/uploads\/2022\/05\/How-we-teach-1-8x12.jpg 8w\" sizes=\"(max-width: 500px) 100vw, 500px\" \/><\/figure>\n<\/div>\n<\/div><\/section>\n\n<hr class=\"wp-block-separator has-text-color has-css-opacity has-background is-style-wide\" style=\"background-color:#b8bbf8;color:#b8bbf8\"\/>\n\n<div class=\"wp-block-columns alignwide has-orange-background-color has-background is-layout-flex wp-container-core-columns-is-layout-28f84493 wp-block-columns-is-layout-flex\">\n<div class=\"wp-block-column is-layout-flow wp-block-column-is-layout-flow\" style=\"flex-basis:5%\"><\/div>\n\n\n\n<div class=\"wp-block-column is-layout-flow wp-block-column-is-layout-flow\" style=\"flex-basis:20%\">\n<figure class=\"wp-block-embed is-type-video is-provider-youtube wp-block-embed-youtube wp-embed-aspect-16-9 wp-has-aspect-ratio\"><div class=\"wp-block-embed__wrapper\">\n<iframe title=\"Bhuta Shuddhi - The Ultimate Cleansing | Isha Hata Yoga\" width=\"500\" height=\"281\" src=\"https:\/\/www.youtube.com\/embed\/hc9g8u77g24?feature=oembed\" frameborder=\"0\" allow=\"accelerometer; autoplay; clipboard-write; encrypted-media; gyroscope; picture-in-picture; web-share\" referrerpolicy=\"strict-origin-when-cross-origin\" allowfullscreen><\/iframe>\n<\/div><\/figure>\n<\/div>\n\n\n\n<div class=\"wp-block-column is-vertically-aligned-bottom is-layout-flow wp-block-column-is-layout-flow\" style=\"flex-basis:17%\">\n<h3 class=\"wp-block-heading has-text-align-left\" style=\"font-size:25px\">Bhuta Shuddhi<\/h3>\n\n\n\n<p class=\"has-text-align-left\" style=\"font-size:17px\">Reinigung der 5 Elemente. Erde, Wasser, Feuer, Luft, Raum<\/p>\n\n\n\n<p style=\"font-size:17px\"><a href=\"https:\/\/yogaagma.com\/de\/yoga\/wichtigste-praxis\/bhuta-shuddhi\/\">Klicken Sie f\u00fcr mehr<\/a><\/p>\n<\/div>\n\n\n\n<div class=\"wp-block-column is-vertically-aligned-top is-layout-flow wp-block-column-is-layout-flow\" style=\"flex-basis:20%\">\n<figure class=\"wp-block-embed is-type-video is-provider-youtube wp-block-embed-youtube wp-embed-aspect-16-9 wp-has-aspect-ratio\"><div class=\"wp-block-embed__wrapper\">\n<iframe title=\"Why Yoga for Children? | Sadhguru\" width=\"500\" height=\"281\" src=\"https:\/\/www.youtube.com\/embed\/h2geIAFU3MI?feature=oembed\" frameborder=\"0\" allow=\"accelerometer; autoplay; clipboard-write; encrypted-media; gyroscope; picture-in-picture; web-share\" referrerpolicy=\"strict-origin-when-cross-origin\" allowfullscreen><\/iframe>\n<\/div><\/figure>\n<\/div>\n\n\n\n<div class=\"wp-block-column is-vertically-aligned-top is-layout-flow wp-block-column-is-layout-flow\" style=\"flex-basis:17%\">\n<h3 class=\"wp-block-heading has-text-align-left\" style=\"font-size:25px\">Kinder-Yoga<\/h3>\n\n\n\n<p class=\"has-text-align-left\" style=\"font-size:17px\">Kinder an Yoga heranf\u00fchren<\/p>\n\n\n\n<p style=\"font-size:17px\"><a href=\"https:\/\/yogaagma.com\/de\/?page_id=7313\">Klicken Sie f\u00fcr mehr<\/a><\/p>\n<\/div>\n\n\n\n<div class=\"wp-block-column is-layout-flow wp-block-column-is-layout-flow\" style=\"flex-basis:5%\"><\/div>\n<\/div>\n\n<hr class=\"wp-block-separator has-text-color has-css-opacity has-background is-style-wide\" style=\"background-color:#b8bbf8;color:#b8bbf8\"\/>\n\n<div class=\"wp-block-columns alignwide has-orange-background-color has-background is-layout-flex wp-container-core-columns-is-layout-28f84493 wp-block-columns-is-layout-flex\">\n<div class=\"wp-block-column is-layout-flow wp-block-column-is-layout-flow\" style=\"flex-basis:5%\"><\/div>\n\n\n\n<div class=\"wp-block-column is-vertically-aligned-center is-layout-flow wp-block-column-is-layout-flow\" style=\"flex-basis:20%\">\n<figure class=\"wp-block-embed is-type-video is-provider-youtube wp-block-embed-youtube wp-embed-aspect-16-9 wp-has-aspect-ratio\"><div class=\"wp-block-embed__wrapper\">\n<iframe title=\"Angamardhana - The Ultimate Fitness Session | Isha Hata Yoga\" width=\"500\" height=\"281\" src=\"https:\/\/www.youtube.com\/embed\/9aAzFTQOJJU?feature=oembed\" frameborder=\"0\" allow=\"accelerometer; autoplay; clipboard-write; encrypted-media; gyroscope; picture-in-picture; web-share\" referrerpolicy=\"strict-origin-when-cross-origin\" allowfullscreen><\/iframe>\n<\/div><\/figure>\n<\/div>\n\n\n\n<div class=\"wp-block-column is-vertically-aligned-bottom is-layout-flow wp-block-column-is-layout-flow\" style=\"flex-basis:17%\">\n<h3 class=\"wp-block-heading has-text-align-left\" style=\"font-size:25px\">Angamardana<\/h3>\n\n\n\n<p class=\"has-text-align-left\" style=\"font-size:17px\">Eine Reihe von 31 dynamischen Prozessen<\/p>\n\n\n\n<p style=\"font-size:17px\"><a href=\"https:\/\/yogaagma.com\/de\/yoga\/wichtigste-praxis\/angamardana\/\">Klicken Sie f\u00fcr mehr<\/a><\/p>\n<\/div>\n\n\n\n<div class=\"wp-block-column is-vertically-aligned-center is-layout-flow wp-block-column-is-layout-flow\" style=\"flex-basis:20%\">\n<figure class=\"wp-block-embed is-type-video is-provider-youtube wp-block-embed-youtube wp-embed-aspect-16-9 wp-has-aspect-ratio\"><div class=\"wp-block-embed__wrapper\">\n<iframe title=\"Upayoga - Bring Yourself To Ease | Isha Hata Yoga\" width=\"500\" height=\"281\" src=\"https:\/\/www.youtube.com\/embed\/tVZcK9pjI9I?feature=oembed\" frameborder=\"0\" allow=\"accelerometer; autoplay; clipboard-write; encrypted-media; gyroscope; picture-in-picture; web-share\" referrerpolicy=\"strict-origin-when-cross-origin\" allowfullscreen><\/iframe>\n<\/div><\/figure>\n<\/div>\n\n\n\n<div class=\"wp-block-column is-vertically-aligned-bottom is-layout-flow wp-block-column-is-layout-flow\" style=\"flex-basis:17%\">\n<h3 class=\"wp-block-heading has-text-align-left\" style=\"font-size:25px\">Upa Yoga<\/h3>\n\n\n\n<p class=\"has-text-align-left\" style=\"font-size:17px\">Eine Abfolge von einfachen \u00dcbungen f\u00fcr alle Altersgruppen<\/p>\n\n\n\n<p style=\"font-size:17px\"><a href=\"https:\/\/yogaagma.com\/de\/yoga\/wichtigste-praxis\/upa-yoga\/\">Klicken Sie f\u00fcr mehr<\/a><\/p>\n<\/div>\n\n\n\n<div class=\"wp-block-column is-layout-flow wp-block-column-is-layout-flow\" style=\"flex-basis:5%\"><\/div>\n<\/div>\n\n<hr class=\"wp-block-separator has-text-color has-css-opacity has-background is-style-wide\" style=\"background-color:#b8bbf8;color:#b8bbf8\"\/>\n\n<div class=\"wp-block-columns alignwide has-orange-background-color has-background is-layout-flex wp-container-core-columns-is-layout-28f84493 wp-block-columns-is-layout-flex\">\n<div class=\"wp-block-column is-layout-flow wp-block-column-is-layout-flow\" style=\"flex-basis:5%\"><\/div>\n\n\n\n<div class=\"wp-block-column is-vertically-aligned-top is-layout-flow wp-block-column-is-layout-flow\" style=\"flex-basis:20%\">\n<figure class=\"wp-block-embed is-type-video is-provider-youtube wp-block-embed-youtube wp-embed-aspect-16-9 wp-has-aspect-ratio\"><div class=\"wp-block-embed__wrapper\">\n<iframe title=\"Surya Kriya - Fire Up The Sun Within | Isha Hata Yoga\" width=\"500\" height=\"281\" src=\"https:\/\/www.youtube.com\/embed\/_wq-OiPk-pU?feature=oembed\" frameborder=\"0\" allow=\"accelerometer; autoplay; clipboard-write; encrypted-media; gyroscope; picture-in-picture; web-share\" referrerpolicy=\"strict-origin-when-cross-origin\" allowfullscreen><\/iframe>\n<\/div><\/figure>\n<\/div>\n\n\n\n<div class=\"wp-block-column is-vertically-aligned-bottom is-layout-flow wp-block-column-is-layout-flow\" style=\"flex-basis:17%\">\n<h3 class=\"wp-block-heading has-text-align-left\" style=\"font-size:25px\">Surya Kriya<\/h3>\n\n\n\n<p class=\"has-text-align-left\" style=\"font-size:17px\">Klassischer Sonnengru\u00df Entfache die Sonne in dir<\/p>\n\n\n\n<p style=\"font-size:17px\"><a href=\"https:\/\/yogaagma.com\/de\/yoga\/wichtigste-praxis\/surya-kriya\/\">Klicken Sie f\u00fcr mehr<\/a><\/p>\n<\/div>\n\n\n\n<div class=\"wp-block-column is-layout-flow wp-block-column-is-layout-flow\" style=\"flex-basis:20%\">\n<figure class=\"wp-block-embed is-type-video is-provider-youtube wp-block-embed-youtube wp-embed-aspect-16-9 wp-has-aspect-ratio\"><div class=\"wp-block-embed__wrapper\">\n<iframe title=\"Yogasana - Not Just An Exercise\" width=\"500\" height=\"281\" src=\"https:\/\/www.youtube.com\/embed\/4ZdcGKUQufU?feature=oembed\" frameborder=\"0\" allow=\"accelerometer; autoplay; clipboard-write; encrypted-media; gyroscope; picture-in-picture; web-share\" referrerpolicy=\"strict-origin-when-cross-origin\" allowfullscreen><\/iframe>\n<\/div><\/figure>\n<\/div>\n\n\n\n<div class=\"wp-block-column is-vertically-aligned-bottom is-layout-flow wp-block-column-is-layout-flow\" style=\"flex-basis:17%\">\n<h3 class=\"wp-block-heading has-text-align-left\" style=\"font-size:25px\">Yogasanas<\/h3>\n\n\n\n<p class=\"has-text-align-left\" style=\"font-size:17px\">Eine Reihe von 21 kraftvollen Asanas oder K\u00f6rperhaltungen<\/p>\n\n\n\n<p style=\"font-size:17px\"><a href=\"https:\/\/yogaagma.com\/de\/yoga\/wichtigste-praxis\/yogasanas\/\">Klicken Sie f\u00fcr mehr<\/a><\/p>\n<\/div>\n\n\n\n<div class=\"wp-block-column is-layout-flow wp-block-column-is-layout-flow\" style=\"flex-basis:5%\"><\/div>\n<\/div>\n\n<hr class=\"wp-block-separator has-text-color has-css-opacity has-background is-style-wide\" style=\"background-color:#b8bbf8;color:#b8bbf8\"\/>\n\n<div class=\"wp-block-columns alignwide has-orange-background-color has-background is-layout-flex wp-container-core-columns-is-layout-28f84493 wp-block-columns-is-layout-flex\">\n<div class=\"wp-block-column is-layout-flow wp-block-column-is-layout-flow\" style=\"flex-basis:5%\"><\/div>\n\n\n\n<div class=\"wp-block-column is-vertically-aligned-top is-layout-flow wp-block-column-is-layout-flow\" style=\"flex-basis:20%\">\n<figure class=\"wp-block-image size-large\"><img decoding=\"async\" width=\"1024\" height=\"683\" src=\"https:\/\/yogaagma.com\/wp-content\/uploads\/2021\/02\/childrens-surya-shakti-1024x683.jpeg\" alt=\"isha yoga kinderprogramm, surya shakti kinder yoga z&#xFC;rich\" class=\"wp-image-3221\" srcset=\"https:\/\/yogaagma.com\/wp-content\/uploads\/2021\/02\/childrens-surya-shakti-1024x683.jpeg 1024w, https:\/\/yogaagma.com\/wp-content\/uploads\/2021\/02\/childrens-surya-shakti-300x200.jpeg 300w, https:\/\/yogaagma.com\/wp-content\/uploads\/2021\/02\/childrens-surya-shakti-768x512.jpeg 768w, https:\/\/yogaagma.com\/wp-content\/uploads\/2021\/02\/childrens-surya-shakti-1536x1024.jpeg 1536w, https:\/\/yogaagma.com\/wp-content\/uploads\/2021\/02\/childrens-surya-shakti.jpeg 2048w\" sizes=\"(max-width: 1024px) 100vw, 1024px\" \/><\/figure>\n<\/div>\n\n\n\n<div class=\"wp-block-column is-vertically-aligned-bottom is-layout-flow wp-block-column-is-layout-flow\" style=\"flex-basis:17%\">\n<h3 class=\"wp-block-heading has-text-align-left\" style=\"font-size:25px\">F\u00fcr zus\u00e4tzliche Yogakurse  <\/h3>\n\n\n\n<p class=\"has-text-align-left\" style=\"font-size:17px\">Sehen Sie mehr von den Praktiken, die wir unterrichten<\/p>\n\n\n\n<p style=\"font-size:17px\"><a href=\"https:\/\/yogaagma.com\/de\/yoga\/wichtigste-praxis\/andere-praktiken\/\">Klicken Sie f\u00fcr mehr<\/a><\/p>\n<\/div>\n\n\n\n<div class=\"wp-block-column is-vertically-aligned-top is-layout-flow wp-block-column-is-layout-flow\" style=\"flex-basis:20%\">\n<figure class=\"wp-block-image size-large\"><img decoding=\"async\" width=\"1024\" height=\"565\" src=\"https:\/\/yogaagma.com\/wp-content\/uploads\/2020\/11\/first-edit-1-1024x565.jpg\" alt=\"isha yoga unterricht z&#xFC;rich, kloten und basel\" class=\"wp-image-2054\" srcset=\"https:\/\/yogaagma.com\/wp-content\/uploads\/2020\/11\/first-edit-1-1024x565.jpg 1024w, https:\/\/yogaagma.com\/wp-content\/uploads\/2020\/11\/first-edit-1-300x165.jpg 300w, https:\/\/yogaagma.com\/wp-content\/uploads\/2020\/11\/first-edit-1-768x423.jpg 768w, https:\/\/yogaagma.com\/wp-content\/uploads\/2020\/11\/first-edit-1-1536x847.jpg 1536w, https:\/\/yogaagma.com\/wp-content\/uploads\/2020\/11\/first-edit-1.jpg 1705w\" sizes=\"(max-width: 1024px) 100vw, 1024px\" \/><\/figure>\n<\/div>\n\n\n\n<div class=\"wp-block-column is-vertically-aligned-bottom is-layout-flow wp-block-column-is-layout-flow\" style=\"flex-basis:17%\">\n<h3 class=\"wp-block-heading has-text-align-left\" style=\"font-size:25px\">Privater Yoga-Unterricht<\/h3>\n\n\n\n<p class=\"has-text-align-left\" style=\"font-size:17px\">Kontaktieren Sie mich f\u00fcr Privatunterricht<\/p>\n\n\n\n<p style=\"font-size:17px\"><a href=\"https:\/\/yogaagma.com\/de\/privatklasse\/\">Klicken Sie f\u00fcr mehr<\/a><\/p>\n<\/div>\n\n\n\n<div class=\"wp-block-column is-layout-flow wp-block-column-is-layout-flow\" style=\"flex-basis:5%\"><\/div>\n<\/div>\n\n<div style=\"height:50px\" aria-hidden=\"true\" class=\"wp-block-spacer\"><\/div>\n\n<section class=\"wp-block-uagb-columns uagb-columns__wrap uagb-columns__background-color uagb-columns__stack-mobile uagb-columns__valign- uagb-columns__gap-10 align uagb-block-51dc58f5 uagb-columns__columns-2 uagb-columns__max_width-theme\"><div class=\"uagb-columns__overlay\"><\/div><div class=\"uagb-columns__inner-wrap uagb-columns__columns-2\">\n<div class=\"wp-block-uagb-column uagb-column__wrap uagb-column__background-undefined uagb-block-62db7e9b\"><div class=\"uagb-column__overlay\"><\/div>\n<figure class=\"wp-block-image aligncenter size-large is-resized\"><img loading=\"lazy\" decoding=\"async\" width=\"271\" height=\"315\" src=\"https:\/\/yogaagma.com\/wp-content\/uploads\/2020\/10\/logo.jpg\" alt=\"Isha Hatha Yoga Schule\" class=\"wp-image-1131\" style=\"width:242px;height:282px\" srcset=\"https:\/\/yogaagma.com\/wp-content\/uploads\/2020\/10\/logo.jpg 271w, https:\/\/yogaagma.com\/wp-content\/uploads\/2020\/10\/logo-258x300.jpg 258w\" sizes=\"(max-width: 271px) 100vw, 271px\" \/><\/figure>\n<\/div>\n\n\n\n<div class=\"wp-block-uagb-column uagb-column__wrap uagb-column__background-undefined uagb-block-05a85580\"><div class=\"uagb-column__overlay\"><\/div>\n<h4 class=\"wp-block-heading has-text-align-center has-white-color has-text-color\">Isha zertifizierte Hatha Yoga Lehrerin in Z\u00fcrich, Schweiz &amp; Europa<\/h4>\n\n\n\n<h5 class=\"wp-block-heading has-text-align-center terms has-white-color has-text-color\" style=\"font-size:15px\"><a href=\"https:\/\/yogaagma.com\/de\/bedingungen-und-konditionen\/\">Bedingungen und Konditionen | Stornierungsbedingungen<\/a><\/h5>\n\n\n\n<div class=\"wp-block-uagb-team uagb-team__image-position-above uagb-team__align-center uagb-team__stack-tablet uagb-block-a25a6f66 uagb-team uagb-team__outer-wrap\"><div class=\"uagb-team__content\"><h4 class=\"uagb-team__title\"><\/h4><span class=\"uagb-team__prefix\"><\/span><p class=\"uagb-team__desc\"><\/p><ul class=\"uagb-team__social-list\"><li class=\"uagb-team__social-icon\"><a href=\"https:\/\/www.facebook.com\/yogaagma\" aria-label=\"facebook\" target=\"_self\" title=\"\" rel=\"noopener noreferrer\"><svg xmlns=\"https:\/\/www.w3.org\/2000\/svg\" viewbox=\"0 0 512 512\"><path d=\"M504 256C504 119 393 8 256 8S8 119 8 256c0 123.8 90.69 226.4 209.3 245V327.7h-63V256h63v-54.64c0-62.15 37-96.48 93.67-96.48 27.14 0 55.52 4.84 55.52 4.84v61h-31.28c-30.8 0-40.41 19.12-40.41 38.73V256h68.78l-11 71.69h-57.78V501C413.3 482.4 504 379.8 504 256z\"><\/path><\/svg><\/a><\/li><li class=\"uagb-team__social-icon\"><a href=\"https:\/\/www.linkedin.com\/in\/karuneshwari\/\" aria-label=\"linkedin\" target=\"_self\" title=\"\" rel=\"noopener noreferrer\"><svg xmlns=\"https:\/\/www.w3.org\/2000\/svg\" viewbox=\"0 0 448 512\"><path d=\"M416 32H31.9C14.3 32 0 46.5 0 64.3v383.4C0 465.5 14.3 480 31.9 480H416c17.6 0 32-14.5 32-32.3V64.3c0-17.8-14.4-32.3-32-32.3zM135.4 416H69V202.2h66.5V416zm-33.2-243c-21.3 0-38.5-17.3-38.5-38.5S80.9 96 102.2 96c21.2 0 38.5 17.3 38.5 38.5 0 21.3-17.2 38.5-38.5 38.5zm282.1 243h-66.4V312c0-24.8-.5-56.7-34.5-56.7-34.6 0-39.9 27-39.9 54.9V416h-66.4V202.2h63.7v29.2h.9c8.9-16.8 30.6-34.5 62.9-34.5 67.2 0 79.7 44.3 79.7 101.9V416z\"><\/path><\/svg><\/a><\/li><li class=\"uagb-team__social-icon\"><a href=\"https:\/\/www.instagram.com\/yogaagma\/\" aria-label=\"instagram\" target=\"_self\" title=\"\" rel=\"noopener noreferrer\"><svg xmlns=\"https:\/\/www.w3.org\/2000\/svg\" viewbox=\"0 0 448 512\"><path d=\"M224.1 141c-63.6 0-114.9 51.3-114.9 114.9s51.3 114.9 114.9 114.9S339 319.5 339 255.9 287.7 141 224.1 141zm0 189.6c-41.1 0-74.7-33.5-74.7-74.7s33.5-74.7 74.7-74.7 74.7 33.5 74.7 74.7-33.6 74.7-74.7 74.7zm146.4-194.3c0 14.9-12 26.8-26.8 26.8-14.9 0-26.8-12-26.8-26.8s12-26.8 26.8-26.8 26.8 12 26.8 26.8zm76.1 27.2c-1.7-35.9-9.9-67.7-36.2-93.9-26.2-26.2-58-34.4-93.9-36.2-37-2.1-147.9-2.1-184.9 0-35.8 1.7-67.6 9.9-93.9 36.1s-34.4 58-36.2 93.9c-2.1 37-2.1 147.9 0 184.9 1.7 35.9 9.9 67.7 36.2 93.9s58 34.4 93.9 36.2c37 2.1 147.9 2.1 184.9 0 35.9-1.7 67.7-9.9 93.9-36.2 26.2-26.2 34.4-58 36.2-93.9 2.1-37 2.1-147.8 0-184.8zM398.8 388c-7.8 19.6-22.9 34.7-42.6 42.6-29.5 11.7-99.5 9-132.1 9s-102.7 2.6-132.1-9c-19.6-7.8-34.7-22.9-42.6-42.6-11.7-29.5-9-99.5-9-132.1s-2.6-102.7 9-132.1c7.8-19.6 22.9-34.7 42.6-42.6 29.5-11.7 99.5-9 132.1-9s102.7-2.6 132.1 9c19.6 7.8 34.7 22.9 42.6 42.6 11.7 29.5 9 99.5 9 132.1s2.7 102.7-9 132.1z\"><\/path><\/svg><\/a><\/li><\/ul><\/div><\/div>\n<\/div>\n<\/div><\/section>\n","protected":false},"excerpt":{"rendered":"<p>Isha-Yoga-Workshops Yoga entworfen von Sadhguru in der Schweiz Wie Sie lernen Untenstehend finden Sie eine Liste der Kernprogramme des klassischen Hatha Yoga der Isha Foundation, die wir regelm\u00e4ssig im Yogaagma Yoga Studio Z\u00fcrich unterrichten. Wir unterrichten Yogapraktiken, die f\u00fcr jeden geeignet sind, und haben f\u00fcr alle Fitnessniveaus und Altersgruppen etwas im Angebot, angefangen bei 4 [&hellip;]<\/p>\n","protected":false},"author":2,"featured_media":0,"parent":9601,"menu_order":0,"comment_status":"closed","ping_status":"closed","template":"","meta":{"_uag_custom_page_level_css":"","site-sidebar-layout":"default","site-content-layout":"default","ast-site-content-layout":"default","site-content-style":"default","site-sidebar-style":"default","ast-global-header-display":"","ast-banner-title-visibility":"","ast-main-header-display":"","ast-hfb-above-header-display":"","ast-hfb-below-header-display":"","ast-hfb-mobile-header-display":"","site-post-title":"","ast-breadcrumbs-content":"","ast-featured-img":"","footer-sml-layout":"","ast-disable-related-posts":"","theme-transparent-header-meta":"default","adv-header-id-meta":"","stick-header-meta":"default","header-above-stick-meta":"","header-main-stick-meta":"","header-below-stick-meta":"","astra-migrate-meta-layouts":"default","ast-page-background-enabled":"default","ast-page-background-meta":{"desktop":{"background-color":"","background-image":"","background-repeat":"repeat","background-position":"center center","background-size":"auto","background-attachment":"scroll","background-type":"","background-media":"","overlay-type":"","overlay-color":"","overlay-opacity":"","overlay-gradient":""},"tablet":{"background-color":"","background-image":"","background-repeat":"repeat","background-position":"center center","background-size":"auto","background-attachment":"scroll","background-type":"","background-media":"","overlay-type":"","overlay-color":"","overlay-opacity":"","overlay-gradient":""},"mobile":{"background-color":"","background-image":"","background-repeat":"repeat","background-position":"center center","background-size":"auto","background-attachment":"scroll","background-type":"","background-media":"","overlay-type":"","overlay-color":"","overlay-opacity":"","overlay-gradient":""}},"ast-content-background-meta":{"desktop":{"background-color":"var(--ast-global-color-5)","background-image":"","background-repeat":"repeat","background-position":"center center","background-size":"auto","background-attachment":"scroll","background-type":"","background-media":"","overlay-type":"","overlay-color":"","overlay-opacity":"","overlay-gradient":""},"tablet":{"background-color":"var(--ast-global-color-5)","background-image":"","background-repeat":"repeat","background-position":"center center","background-size":"auto","background-attachment":"scroll","background-type":"","background-media":"","overlay-type":"","overlay-color":"","overlay-opacity":"","overlay-gradient":""},"mobile":{"background-color":"var(--ast-global-color-5)","background-image":"","background-repeat":"repeat","background-position":"center center","background-size":"auto","background-attachment":"scroll","background-type":"","background-media":"","overlay-type":"","overlay-color":"","overlay-opacity":"","overlay-gradient":""}},"footnotes":""},"class_list":["post-7318","page","type-page","status-publish","hentry"],"uagb_featured_image_src":{"full":false,"thumbnail":false,"medium":false,"medium_large":false,"large":false,"1536x1536":false,"2048x2048":false},"uagb_author_info":{"display_name":"SUPRIYA CHELLAIYAN","author_link":"https:\/\/yogaagma.com\/de\/author\/supriya\/"},"uagb_comment_info":0,"uagb_excerpt":"Isha-Yoga-Workshops Yoga entworfen von Sadhguru in der Schweiz Wie Sie lernen Untenstehend finden Sie eine Liste der Kernprogramme des klassischen Hatha Yoga der Isha Foundation, die wir regelm\u00e4ssig im Yogaagma Yoga Studio Z\u00fcrich unterrichten. Wir unterrichten Yogapraktiken, die f\u00fcr jeden geeignet sind, und haben f\u00fcr alle Fitnessniveaus und Altersgruppen etwas im Angebot, angefangen bei 4&hellip;","_links":{"self":[{"href":"https:\/\/yogaagma.com\/de\/wp-json\/wp\/v2\/pages\/7318","targetHints":{"allow":["GET"]}}],"collection":[{"href":"https:\/\/yogaagma.com\/de\/wp-json\/wp\/v2\/pages"}],"about":[{"href":"https:\/\/yogaagma.com\/de\/wp-json\/wp\/v2\/types\/page"}],"author":[{"embeddable":true,"href":"https:\/\/yogaagma.com\/de\/wp-json\/wp\/v2\/users\/2"}],"replies":[{"embeddable":true,"href":"https:\/\/yogaagma.com\/de\/wp-json\/wp\/v2\/comments?post=7318"}],"version-history":[{"count":5,"href":"https:\/\/yogaagma.com\/de\/wp-json\/wp\/v2\/pages\/7318\/revisions"}],"predecessor-version":[{"id":9800,"href":"https:\/\/yogaagma.com\/de\/wp-json\/wp\/v2\/pages\/7318\/revisions\/9800"}],"up":[{"embeddable":true,"href":"https:\/\/yogaagma.com\/de\/wp-json\/wp\/v2\/pages\/9601"}],"wp:attachment":[{"href":"https:\/\/yogaagma.com\/de\/wp-json\/wp\/v2\/media?parent=7318"}],"curies":[{"name":"wp","href":"https:\/\/api.w.org\/{rel}","templated":true}]}}