{"id":7315,"date":"2021-04-29T16:13:20","date_gmt":"2021-04-29T16:13:20","guid":{"rendered":"https:\/\/yogaagma.com\/ueber-uns\/"},"modified":"2024-07-07T12:48:32","modified_gmt":"2024-07-07T12:48:32","slug":"ueber-uns","status":"publish","type":"page","link":"https:\/\/yogaagma.com\/de\/ueber-uns\/","title":{"rendered":"\u00dcber uns"},"content":{"rendered":"\n<div style=\"height:30px\" aria-hidden=\"true\" class=\"wp-block-spacer\"><\/div>\n\n<div class=\"wp-block-uagb-advanced-heading uagb-block-7816e1c6\"><h3 class=\"uagb-heading-text\">Die Reise<\/h3><div class=\"uagb-separator-wrap\"><div class=\"uagb-separator\"><\/div><\/div><p class=\"uagb-desc-text\"> <\/p><\/div>\n\n<div class=\"wp-block-columns is-layout-flex wp-container-core-columns-is-layout-28f84493 wp-block-columns-is-layout-flex\">\n<div class=\"wp-block-column is-layout-flow wp-block-column-is-layout-flow\" style=\"flex-basis:50%\">\n<div style=\"height:10px\" aria-hidden=\"true\" class=\"wp-block-spacer\"><\/div>\n\n\n\n<figure class=\"wp-block-image size-large is-style-default\"><img fetchpriority=\"high\" decoding=\"async\" width=\"852\" height=\"1024\" src=\"https:\/\/yogaagma.com\/wp-content\/uploads\/2021\/09\/Isha-yoga-teacher-lindenhof-zurich-852x1024.jpg\" alt=\"\" class=\"wp-image-6059\" srcset=\"https:\/\/yogaagma.com\/wp-content\/uploads\/2021\/09\/Isha-yoga-teacher-lindenhof-zurich-852x1024.jpg 852w, https:\/\/yogaagma.com\/wp-content\/uploads\/2021\/09\/Isha-yoga-teacher-lindenhof-zurich-250x300.jpg 250w, https:\/\/yogaagma.com\/wp-content\/uploads\/2021\/09\/Isha-yoga-teacher-lindenhof-zurich-768x923.jpg 768w, https:\/\/yogaagma.com\/wp-content\/uploads\/2021\/09\/Isha-yoga-teacher-lindenhof-zurich-10x12.jpg 10w, https:\/\/yogaagma.com\/wp-content\/uploads\/2021\/09\/Isha-yoga-teacher-lindenhof-zurich.jpg 1000w\" sizes=\"(max-width: 852px) 100vw, 852px\" \/><\/figure>\n<\/div>\n\n\n\n<div class=\"wp-block-column is-layout-flow wp-block-column-is-layout-flow\">\n<div style=\"height:40px\" aria-hidden=\"true\" class=\"wp-block-spacer\"><\/div>\n\n\n\n<p style=\"font-size:18px\">Ich stamme aus dem Land Indien, das im s\u00fcdlichen Teil Asiens liegt. Ich besuchte eine Klosterschule in Delhi, wo ich meine erste Erfahrung mit Yoga machte.<\/p>\n\n\n\n<p style=\"font-size:17px\">Zweimal in der Woche hatten wir Unterricht als obligatorischen Teil der Schulausbildung, ich verbrachte diese Stunden in der ersten Reihe, weil ich alle Asanas perfekt beherrschte. Einige Jahre sp\u00e4ter fand ich mich in der st\u00e4dtischen Bildungs- und Arbeitswelt wieder, in der das Geldverdienen das Wichtigste war und f\u00fcr alle das Einzige zu sein schien, was z\u00e4hlte.<\/p>\n\n\n\n<p style=\"font-size:17px\">Ich begann, erfolgreich zu sein und in allem, was ich tat, sehr gut zu werden, was eine Zeit lang sehr befriedigend war, aber diese Befriedigung hielt nicht an, und ich hatte das Gef\u00fchl, dass es noch etwas anderes im Leben gibt und dass dies nicht alles sein kann. Ich war nicht in der Lage, die Tiefe zu sp\u00fcren, und die Dinge begannen sich sehr oberfl\u00e4chlich anzuf\u00fchlen.<\/p>\n<\/div>\n<\/div>\n\n<div class=\"wp-block-columns has-background is-layout-flex wp-container-core-columns-is-layout-f93fcc32 wp-block-columns-is-layout-flex\" style=\"background-color:#ffe9d6;padding-top:20px;padding-right:20px;padding-bottom:20px;padding-left:20px\">\n<div class=\"wp-block-column is-layout-flow wp-block-column-is-layout-flow\">\n<h3 class=\"wp-block-heading\">Von Indien in die Schweiz<\/h3>\n\n\n\n<p style=\"font-size:18px\">Als ich 2014 nach Z\u00fcrich in die Schweiz zog, erlebte ich wieder Yoga. Durch die Begegnung mit meinem Guru, Sadhguru Jaggi Vasudev, war ich pl\u00f6tzlich wieder mit meinen Wurzeln verbunden. Von da an beschloss ich, zur\u00fcck nach Indien zu fliegen, um Yoga zu lernen. Zu diesem Zeitpunkt hatte ich nicht die Absicht, zu unterrichten, ich war nur auf der Suche. Ich praktizierte regelm\u00e4\u00dfig und engagiert. Ich lernte immer mehr und nahm an den Fortgeschrittenenprogrammen der Isha Yoga Foundation teil. Nachdem ich erfahren hatte, was Yoga mit mir macht, beschloss ich eines Tages, dass ich diese Werkzeuge der Transformation auch anderen zug\u00e4nglich machen m\u00f6chte.<\/p>\n<\/div>\n\n\n\n<div class=\"wp-block-column is-vertically-aligned-center is-layout-flow wp-block-column-is-layout-flow\" style=\"flex-basis:50%\">\n<figure class=\"wp-block-image size-full\"><img decoding=\"async\" width=\"1000\" height=\"667\" src=\"https:\/\/yogaagma.com\/wp-content\/uploads\/2021\/09\/IMG_0449-1.jpg\" alt=\"kashi varanasi isha yoga lehrer\" class=\"wp-image-6179\" srcset=\"https:\/\/yogaagma.com\/wp-content\/uploads\/2021\/09\/IMG_0449-1.jpg 1000w, https:\/\/yogaagma.com\/wp-content\/uploads\/2021\/09\/IMG_0449-1-300x200.jpg 300w, https:\/\/yogaagma.com\/wp-content\/uploads\/2021\/09\/IMG_0449-1-768x512.jpg 768w, https:\/\/yogaagma.com\/wp-content\/uploads\/2021\/09\/IMG_0449-1-16x12.jpg 16w\" sizes=\"(max-width: 1000px) 100vw, 1000px\" \/><\/figure>\n<\/div>\n<\/div>\n\n<div class=\"wp-block-columns is-layout-flex wp-container-core-columns-is-layout-28f84493 wp-block-columns-is-layout-flex\">\n<div class=\"wp-block-column is-layout-flow wp-block-column-is-layout-flow\" style=\"flex-basis:40%\">\n<figure class=\"wp-block-image size-large is-style-default\"><img decoding=\"async\" width=\"877\" height=\"1024\" src=\"https:\/\/yogaagma.com\/wp-content\/uploads\/2021\/09\/DSC_1781-1-877x1024.jpg\" alt=\"\" class=\"wp-image-6081\" srcset=\"https:\/\/yogaagma.com\/wp-content\/uploads\/2021\/09\/DSC_1781-1-877x1024.jpg 877w, https:\/\/yogaagma.com\/wp-content\/uploads\/2021\/09\/DSC_1781-1-257x300.jpg 257w, https:\/\/yogaagma.com\/wp-content\/uploads\/2021\/09\/DSC_1781-1-768x897.jpg 768w, https:\/\/yogaagma.com\/wp-content\/uploads\/2021\/09\/DSC_1781-1-1316x1536.jpg 1316w, https:\/\/yogaagma.com\/wp-content\/uploads\/2021\/09\/DSC_1781-1-10x12.jpg 10w, https:\/\/yogaagma.com\/wp-content\/uploads\/2021\/09\/DSC_1781-1.jpg 1500w\" sizes=\"(max-width: 877px) 100vw, 877px\" \/><\/figure>\n<\/div>\n\n\n\n<div class=\"wp-block-column is-layout-flow wp-block-column-is-layout-flow\">\n<div style=\"height:10px\" aria-hidden=\"true\" class=\"wp-block-spacer\"><\/div>\n\n\n\n<h3 class=\"wp-block-heading\">Isha Hatha Yogalehrer Ausbildung mit Sadhguru<\/h3>\n\n\n\n<p style=\"font-size:18px\">Ich entschied mich, Lehrerin zu werden, weil das Erlernen dieser Praktiken mein Leben auf eine so wunderbare Weise ver\u00e4nderte, wie es nichts anderes je vermocht h\u00e4tte. Und diese einfachen yogischen Praktiken waren der Weg dorthin, so einfach war das. Nachdem ich die Kraft des Yoga erfahren hatte, wusste ich, dass ich unterrichten wollte, und seither ist die Erfahrung, Yoga mit Menschen zu teilen und ihnen diesen Weg zu zeigen, auf dem sie ihr inneres Selbst finden oder sich mit ihm verbinden k\u00f6nnen, f\u00fcr mich die befriedigendste Arbeit der Welt gewesen. Und hier hat meine Reise wirklich begonnen&#8230;<\/p>\n<\/div>\n<\/div>\n\n<section class=\"wp-block-uagb-section uagb-section__wrap uagb-section__background-color uagb-block-b2796713\"><div class=\"uagb-section__overlay\"><\/div><div class=\"uagb-section__inner-wrap\">\n<div class=\"wp-block-uagb-advanced-heading uagb-block-0b6c75ae\"><h3 class=\"uagb-heading-text\">\u00dcber SADHGURU<\/h3><p class=\"uagb-desc-text\">Mein Guru, mein Yogalehrer und der Gr\u00fcnder der Isha Foundation  <\/p><\/div>\n\n\n\n<div class=\"wp-block-columns is-layout-flex wp-container-core-columns-is-layout-28f84493 wp-block-columns-is-layout-flex\">\n<div class=\"wp-block-column is-vertically-aligned-center is-layout-flow wp-block-column-is-layout-flow\">\n<div style=\"height:10px\" aria-hidden=\"true\" class=\"wp-block-spacer\"><\/div>\n\n\n\n<p class=\"has-text-align-center\" style=\"font-size:18px\">Sadhguru Jaggi Vasudev, oft einfach als Sadhguru bezeichnet, ist ein indischer Yogi, Mystiker und Autor. Er gr\u00fcndete die Isha Foundation, eine gemeinn\u00fctzige Organisation, die weltweit Yogaprogramme anbietet und sich f\u00fcr soziale Belange, Bildung und Umweltinitiativen einsetzt.<\/p>\n\n\n\n<p class=\"has-text-align-center has-normal-font-size\"><a href=\"https:\/\/isha.sadhguru.org\/global\/en\" target=\"_blank\" rel=\"noopener\">Mehr \u00fcber Sadhguru<\/a><\/p>\n\n\n\n<p class=\"has-text-align-center\" style=\"font-size:18px\">Siehe auch meinen Blog-Beitrag \u00fcber &#8218;My Guru&#8216; &#8211; <a href=\"https:\/\/yogaagma.com\/de\/yogaagma-blog-mein-guru\/\">Klicken Sie zum Lesen<\/a><\/p>\n<\/div>\n\n\n\n<div class=\"wp-block-column is-vertically-aligned-center is-layout-flow wp-block-column-is-layout-flow\" style=\"flex-basis:40%\">\n<figure class=\"wp-block-image size-large is-style-default\"><img loading=\"lazy\" decoding=\"async\" width=\"1019\" height=\"573\" src=\"https:\/\/yogaagma.com\/wp-content\/uploads\/2022\/05\/59632-the-meaning-of-sadhguru-20120703_chi_0136-e-edited.jpeg\" alt=\"\" class=\"wp-image-6890\" srcset=\"https:\/\/yogaagma.com\/wp-content\/uploads\/2022\/05\/59632-the-meaning-of-sadhguru-20120703_chi_0136-e-edited.jpeg 1019w, https:\/\/yogaagma.com\/wp-content\/uploads\/2022\/05\/59632-the-meaning-of-sadhguru-20120703_chi_0136-e-edited-300x169.jpeg 300w, https:\/\/yogaagma.com\/wp-content\/uploads\/2022\/05\/59632-the-meaning-of-sadhguru-20120703_chi_0136-e-edited-768x432.jpeg 768w, https:\/\/yogaagma.com\/wp-content\/uploads\/2022\/05\/59632-the-meaning-of-sadhguru-20120703_chi_0136-e-edited-18x10.jpeg 18w\" sizes=\"(max-width: 1019px) 100vw, 1019px\" \/><\/figure>\n<\/div>\n<\/div>\n<\/div><\/section>\n\n<div style=\"height:40px\" aria-hidden=\"true\" class=\"wp-block-spacer\"><\/div>\n\n<section class=\"wp-block-uagb-columns uagb-columns__wrap uagb-columns__background-color uagb-columns__stack-mobile uagb-columns__valign-undefined uagb-columns__gap-10 alignundefined uagb-block-dd7cb966\"><div class=\"uagb-columns__overlay\"><\/div><div class=\"uagb-columns__inner-wrap uagb-columns__columns-2\">\n<div class=\"wp-block-uagb-column uagb-column__wrap uagb-column__background-undefined uagb-block-ccf94490\"><div class=\"uagb-column__overlay\"><\/div><div class=\"uagb-column__inner-wrap\">\n<figure class=\"wp-block-image aligncenter size-large is-resized\"><img loading=\"lazy\" decoding=\"async\" src=\"https:\/\/yogaagma.com\/wp-content\/uploads\/2020\/10\/logo.jpg\" alt=\"Isha Hatha Yoga Schule\" class=\"wp-image-1131\" width=\"242\" height=\"282\" srcset=\"https:\/\/yogaagma.com\/wp-content\/uploads\/2020\/10\/logo.jpg 271w, https:\/\/yogaagma.com\/wp-content\/uploads\/2020\/10\/logo-258x300.jpg 258w\" sizes=\"(max-width: 242px) 100vw, 242px\" \/><\/figure>\n<\/div><\/div>\n\n\n\n<div class=\"wp-block-uagb-column uagb-column__wrap uagb-column__background-undefined uagb-block-1c937029\"><div class=\"uagb-column__overlay\"><\/div><div class=\"uagb-column__inner-wrap\">\n<h4 class=\"has-text-align-center has-white-color has-text-color wp-block-heading\">Isha zertifizierte Hatha Yoga Lehrerin in Z\u00fcrich, Schweiz &amp; Europa<\/h4>\n\n\n\n<h5 class=\"has-text-align-center terms has-white-color has-text-color wp-block-heading\" style=\"font-size:15px\"><a href=\"https:\/\/yogaagma.com\/de\/bedingungen-und-konditionen\/\">Bedingungen und Konditionen | Stornierungsbedingungen<\/a><\/h5>\n\n\n\n<div class=\"wp-block-uagb-team uagb-team uagb-team__outer-wrap uagb-team__image-position-above uagb-team__align-center uagb-team__stack-tablet uagb-block-41edf6c5\"><div class=\"uagb-team__wrap\"><div class=\"uagb-team__content\"><div class=\"uagb-team__title-wrap\"><h4 class=\"uagb-team__title\"><\/h4><span class=\"uagb-team__prefix\"><\/span><\/div><div class=\"uagb-team__desc-wrap\"><p class=\"uagb-team__desc\"><\/p><\/div><div class=\"uagb-team__social-icon-wrap\"><ul class=\"uagb-team__social-list\"><li class=\"uagb-team__social-icon\"><a href=\"https:\/\/www.facebook.com\/yogaagma\" aria-label=\"fab fa-facebook\" target=\"_self\" title=\"\" rel=\"noopener noreferrer\"><svg xmlns=\"http:\/\/www.w3.org\/2000\/svg\" viewbox=\"0 0 512 512\"><path d=\"M504 256C504 119 393 8 256 8S8 119 8 256c0 123.78 90.69 226.38 209.25 245V327.69h-63V256h63v-54.64c0-62.15 37-96.48 93.67-96.48 27.14 0 55.52 4.84 55.52 4.84v61h-31.28c-30.8 0-40.41 19.12-40.41 38.73V256h68.78l-11 71.69h-57.78V501C413.31 482.38 504 379.78 504 256z\"><\/path><\/svg><\/a><\/li><li class=\"uagb-team__social-icon\"><a href=\"https:\/\/www.linkedin.com\/in\/karuneshwari\/\" aria-label=\"fab fa-linkedin\" target=\"_self\" title=\"\" rel=\"noopener noreferrer\"><svg xmlns=\"http:\/\/www.w3.org\/2000\/svg\" viewbox=\"0 0 448 512\"><path d=\"M416 32H31.9C14.3 32 0 46.5 0 64.3v383.4C0 465.5 14.3 480 31.9 480H416c17.6 0 32-14.5 32-32.3V64.3c0-17.8-14.4-32.3-32-32.3zM135.4 416H69V202.2h66.5V416zm-33.2-243c-21.3 0-38.5-17.3-38.5-38.5S80.9 96 102.2 96c21.2 0 38.5 17.3 38.5 38.5 0 21.3-17.2 38.5-38.5 38.5zm282.1 243h-66.4V312c0-24.8-.5-56.7-34.5-56.7-34.6 0-39.9 27-39.9 54.9V416h-66.4V202.2h63.7v29.2h.9c8.9-16.8 30.6-34.5 62.9-34.5 67.2 0 79.7 44.3 79.7 101.9V416z\"><\/path><\/svg><\/a><\/li><li class=\"uagb-team__social-icon\"><a href=\"https:\/\/www.instagram.com\/yogaagma\/\" aria-label=\"instagram\" target=\"_self\" title=\"\" rel=\"noopener noreferrer\"><svg xmlns=\"http:\/\/www.w3.org\/2000\/svg\" viewbox=\"0 0 448 512\"><path d=\"M224.1 141c-63.6 0-114.9 51.3-114.9 114.9s51.3 114.9 114.9 114.9S339 319.5 339 255.9 287.7 141 224.1 141zm0 189.6c-41.1 0-74.7-33.5-74.7-74.7s33.5-74.7 74.7-74.7 74.7 33.5 74.7 74.7-33.6 74.7-74.7 74.7zm146.4-194.3c0 14.9-12 26.8-26.8 26.8-14.9 0-26.8-12-26.8-26.8s12-26.8 26.8-26.8 26.8 12 26.8 26.8zm76.1 27.2c-1.7-35.9-9.9-67.7-36.2-93.9-26.2-26.2-58-34.4-93.9-36.2-37-2.1-147.9-2.1-184.9 0-35.8 1.7-67.6 9.9-93.9 36.1s-34.4 58-36.2 93.9c-2.1 37-2.1 147.9 0 184.9 1.7 35.9 9.9 67.7 36.2 93.9s58 34.4 93.9 36.2c37 2.1 147.9 2.1 184.9 0 35.9-1.7 67.7-9.9 93.9-36.2 26.2-26.2 34.4-58 36.2-93.9 2.1-37 2.1-147.8 0-184.8zM398.8 388c-7.8 19.6-22.9 34.7-42.6 42.6-29.5 11.7-99.5 9-132.1 9s-102.7 2.6-132.1-9c-19.6-7.8-34.7-22.9-42.6-42.6-11.7-29.5-9-99.5-9-132.1s-2.6-102.7 9-132.1c7.8-19.6 22.9-34.7 42.6-42.6 29.5-11.7 99.5-9 132.1-9s102.7-2.6 132.1 9c19.6 7.8 34.7 22.9 42.6 42.6 11.7 29.5 9 99.5 9 132.1s2.7 102.7-9 132.1z\"><\/path><\/svg><\/a><\/li><\/ul><\/div><\/div><\/div><\/div>\n<\/div><\/div>\n<\/div><\/section>\n","protected":false},"excerpt":{"rendered":"<p>Die Reise Ich stamme aus dem Land Indien, das im s\u00fcdlichen Teil Asiens liegt. Ich besuchte eine Klosterschule in Delhi, wo ich meine erste Erfahrung mit Yoga machte. Zweimal in der Woche hatten wir Unterricht als obligatorischen Teil der Schulausbildung, ich verbrachte diese Stunden in der ersten Reihe, weil ich alle Asanas perfekt beherrschte. Einige [&hellip;]<\/p>\n","protected":false},"author":3,"featured_media":0,"parent":0,"menu_order":0,"comment_status":"closed","ping_status":"closed","template":"","meta":{"_uag_custom_page_level_css":"","site-sidebar-layout":"default","site-content-layout":"default","ast-site-content-layout":"default","site-content-style":"default","site-sidebar-style":"default","ast-global-header-display":"","ast-banner-title-visibility":"","ast-main-header-display":"","ast-hfb-above-header-display":"","ast-hfb-below-header-display":"","ast-hfb-mobile-header-display":"","site-post-title":"","ast-breadcrumbs-content":"","ast-featured-img":"","footer-sml-layout":"","ast-disable-related-posts":"","theme-transparent-header-meta":"default","adv-header-id-meta":"","stick-header-meta":"default","header-above-stick-meta":"","header-main-stick-meta":"","header-below-stick-meta":"","astra-migrate-meta-layouts":"default","ast-page-background-enabled":"default","ast-page-background-meta":{"desktop":{"background-color":"","background-image":"","background-repeat":"repeat","background-position":"center center","background-size":"auto","background-attachment":"scroll","background-type":"","background-media":"","overlay-type":"","overlay-color":"","overlay-opacity":"","overlay-gradient":""},"tablet":{"background-color":"","background-image":"","background-repeat":"repeat","background-position":"center center","background-size":"auto","background-attachment":"scroll","background-type":"","background-media":"","overlay-type":"","overlay-color":"","overlay-opacity":"","overlay-gradient":""},"mobile":{"background-color":"","background-image":"","background-repeat":"repeat","background-position":"center center","background-size":"auto","background-attachment":"scroll","background-type":"","background-media":"","overlay-type":"","overlay-color":"","overlay-opacity":"","overlay-gradient":""}},"ast-content-background-meta":{"desktop":{"background-color":"var(--ast-global-color-5)","background-image":"","background-repeat":"repeat","background-position":"center center","background-size":"auto","background-attachment":"scroll","background-type":"","background-media":"","overlay-type":"","overlay-color":"","overlay-opacity":"","overlay-gradient":""},"tablet":{"background-color":"var(--ast-global-color-5)","background-image":"","background-repeat":"repeat","background-position":"center center","background-size":"auto","background-attachment":"scroll","background-type":"","background-media":"","overlay-type":"","overlay-color":"","overlay-opacity":"","overlay-gradient":""},"mobile":{"background-color":"var(--ast-global-color-5)","background-image":"","background-repeat":"repeat","background-position":"center center","background-size":"auto","background-attachment":"scroll","background-type":"","background-media":"","overlay-type":"","overlay-color":"","overlay-opacity":"","overlay-gradient":""}},"footnotes":""},"class_list":["post-7315","page","type-page","status-publish","hentry"],"uagb_featured_image_src":{"full":false,"thumbnail":false,"medium":false,"medium_large":false,"large":false,"1536x1536":false,"2048x2048":false},"uagb_author_info":{"display_name":"Karuneshwari Chellaiyan","author_link":"https:\/\/yogaagma.com\/de\/author\/karuneshwari\/"},"uagb_comment_info":0,"uagb_excerpt":"Die Reise Ich stamme aus dem Land Indien, das im s\u00fcdlichen Teil Asiens liegt. Ich besuchte eine Klosterschule in Delhi, wo ich meine erste Erfahrung mit Yoga machte. Zweimal in der Woche hatten wir Unterricht als obligatorischen Teil der Schulausbildung, ich verbrachte diese Stunden in der ersten Reihe, weil ich alle Asanas perfekt beherrschte. Einige&hellip;","_links":{"self":[{"href":"https:\/\/yogaagma.com\/de\/wp-json\/wp\/v2\/pages\/7315","targetHints":{"allow":["GET"]}}],"collection":[{"href":"https:\/\/yogaagma.com\/de\/wp-json\/wp\/v2\/pages"}],"about":[{"href":"https:\/\/yogaagma.com\/de\/wp-json\/wp\/v2\/types\/page"}],"author":[{"embeddable":true,"href":"https:\/\/yogaagma.com\/de\/wp-json\/wp\/v2\/users\/3"}],"replies":[{"embeddable":true,"href":"https:\/\/yogaagma.com\/de\/wp-json\/wp\/v2\/comments?post=7315"}],"version-history":[{"count":5,"href":"https:\/\/yogaagma.com\/de\/wp-json\/wp\/v2\/pages\/7315\/revisions"}],"predecessor-version":[{"id":9702,"href":"https:\/\/yogaagma.com\/de\/wp-json\/wp\/v2\/pages\/7315\/revisions\/9702"}],"wp:attachment":[{"href":"https:\/\/yogaagma.com\/de\/wp-json\/wp\/v2\/media?parent=7315"}],"curies":[{"name":"wp","href":"https:\/\/api.w.org\/{rel}","templated":true}]}}