{"id":7311,"date":"2019-09-23T15:42:31","date_gmt":"2019-09-23T15:42:31","guid":{"rendered":"https:\/\/yogaagma.com\/datenschutzbestimmungen\/"},"modified":"2024-07-07T12:48:24","modified_gmt":"2024-07-07T12:48:24","slug":"datenschutzbestimmungen","status":"publish","type":"page","link":"https:\/\/yogaagma.com\/de\/datenschutzbestimmungen\/","title":{"rendered":"Datenschutzbestimmungen"},"content":{"rendered":"\n<p>Die Privatsph\u00e4re unserer Besucher bei <a href=\"https:\/\/yogaagma.com\/de\/\">Yogaagma<\/a> ist uns wichtig.<\/p>\n\n<p>Wir bei <a href=\"https:\/\/yogagma.com\/\" target=\"_blank\" rel=\"noopener\">Yogaagma<\/a> wissen, dass der Schutz Ihrer pers\u00f6nlichen Daten wichtig ist. Hier finden Sie Informationen dar\u00fcber, welche Arten von pers\u00f6nlichen Daten wir erhalten und sammeln, wenn Sie <a href=\"https:\/\/yogaagma.com\/de\/\">Yogaagma<\/a> nutzen und besuchen, und wie wir Ihre Daten sch\u00fctzen. Wir verkaufen Ihre pers\u00f6nlichen Daten niemals an Dritte.  <\/p>\n\n<p><strong>Log-Dateien<\/strong> <\/p>\n\n<p>Wie bei den meisten anderen Websites auch, sammeln und verwenden wir die in den Protokolldateien enthaltenen Daten. Zu den Informationen in den Protokolldateien geh\u00f6ren Ihre IP-Adresse (Internetprotokoll), Ihr ISP (Internetdienstanbieter, z. B. AOL oder Shaw Cable), der Browser, den Sie f\u00fcr den Besuch unserer Website verwendet haben (z. B. Internet Explorer oder Firefox), die Zeit, zu der Sie unsere Website besucht haben, und die Seiten, die Sie auf unserer Website besucht haben.  <\/p>\n\n<p><strong>Cookies und Web Beacons<\/strong><\/p>\n\n<p>Wir verwenden Cookies, um Informationen zu speichern, z. B. Ihre pers\u00f6nlichen Pr\u00e4ferenzen, wenn Sie unsere Website besuchen. Dazu k\u00f6nnte geh\u00f6ren, dass Ihnen ein Popup nur einmal w\u00e4hrend Ihres Besuchs angezeigt wird, oder dass Sie sich bei einigen unserer Funktionen, wie z. B. Foren, anmelden k\u00f6nnen.  <\/p>\n\n<p>Wir verwenden auch Werbung von Dritten auf <a href=\"https:\/\/yogaagma.com\/de\/\">Yogaagma<\/a>, um unsere Seite zu unterst\u00fctzen. Einige dieser Werbetreibenden k\u00f6nnen Technologien wie Cookies und Web-Beacons verwenden, wenn sie auf unserer Website werben, wodurch diese Werbetreibenden (wie Google \u00fcber das Google AdSense-Programm) auch Informationen wie Ihre IP-Adresse, Ihren ISP, den Browser, den Sie f\u00fcr den Besuch unserer Website verwendet haben, und in einigen F\u00e4llen, ob Sie Flash installiert haben, erhalten. Dies wird im Allgemeinen f\u00fcr Geotargeting-Zwecke verwendet (z. B. Anzeigen f\u00fcr New Yorker Immobilien an Personen in New York) oder f\u00fcr die Anzeige bestimmter Anzeigen auf der Grundlage bestimmter besuchter Websites (z. B. Anzeigen f\u00fcr Kochseiten an Personen, die h\u00e4ufig Kochseiten besuchen).<\/p>\n\n<p><strong>DoubleClick DART-Cookies<\/strong> <\/p>\n\n<p>Wir k\u00f6nnen auch DART-Cookies f\u00fcr die Anzeigenschaltung durch DoubleClick von Google verwenden, das ein Cookie auf Ihrem Computer platziert, wenn Sie im Internet surfen und eine Website besuchen, die DoubleClick-Werbung verwendet (einschlie\u00dflich einiger Google AdSense-Anzeigen). Dieses Cookie wird verwendet, um Werbung zu schalten, die speziell auf Sie und Ihre Interessen zugeschnitten ist (&#8222;interest based targeting&#8220;).  <\/p>\n\n<p>Die geschaltete Werbung wird auf der Grundlage Ihres bisherigen Surfverhaltens ausgerichtet (wenn Sie z. B. Websites zum Thema Las Vegas besucht haben, sehen Sie m\u00f6glicherweise Werbung f\u00fcr Hotels in Las Vegas, wenn Sie eine nicht verwandte Website besuchen, z. B. eine Website zum Thema Eishockey). DART verwendet &#8222;nicht pers\u00f6nlich identifizierbare Informationen&#8220;. Es werden KEINE pers\u00f6nlichen Informationen \u00fcber Sie erfasst, wie z. B. Ihr Name, Ihre E-Mail-Adresse, Ihre Anschrift, Ihre Telefonnummer, Ihre Sozialversicherungsnummer, Ihre Bankkontonummer oder Ihre Kreditkartennummer.  <\/p>\n\n<p>Sie k\u00f6nnen die Anzeigenschaltung auf allen Websites, die diese Werbung verwenden, deaktivieren, indem Sie http:\/\/www.doubleclick.com\/privacy\/dart_adserving.aspx besuchen.  <\/p>\n\n<p>Sie k\u00f6nnen unsere Cookies oder Cookies von Drittanbietern in den Einstellungen Ihres Browsers deaktivieren oder selektiv ausschalten, indem Sie die Einstellungen in Programmen wie Norton Internet Security verwalten. Dies kann jedoch Auswirkungen darauf haben, wie Sie mit unserer Website und mit anderen Websites interagieren k\u00f6nnen. Dies k\u00f6nnte bedeuten, dass Sie sich nicht mehr bei Diensten oder Programmen anmelden k\u00f6nnen, z. B. bei Foren oder Konten.  <\/p>\n\n<p>Das L\u00f6schen von Cookies bedeutet nicht, dass Sie sich dauerhaft von einem Werbeprogramm abmelden. Wenn Sie keine Einstellungen haben, die Cookies verbieten, wird beim n\u00e4chsten Besuch einer Website, auf der die Werbung l\u00e4uft, ein neues Cookie hinzugef\u00fcgt.  <\/p>\n\n<p>Bei Fragen k\u00f6nnen Sie uns gerne unter <a>supriyachellaiyan@gmail.com<\/a> kontaktieren.<\/p>\n","protected":false},"excerpt":{"rendered":"<p>Die Privatsph\u00e4re unserer Besucher bei Yogaagma ist uns wichtig. Wir bei Yogaagma wissen, dass der Schutz Ihrer pers\u00f6nlichen Daten wichtig ist. Hier finden Sie Informationen dar\u00fcber, welche Arten von pers\u00f6nlichen Daten wir erhalten und sammeln, wenn Sie Yogaagma nutzen und besuchen, und wie wir Ihre Daten sch\u00fctzen. Wir verkaufen Ihre pers\u00f6nlichen Daten niemals an Dritte. [&hellip;]<\/p>\n","protected":false},"author":1,"featured_media":0,"parent":0,"menu_order":0,"comment_status":"closed","ping_status":"closed","template":"","meta":{"_uag_custom_page_level_css":"","site-sidebar-layout":"default","site-content-layout":"default","ast-site-content-layout":"default","site-content-style":"default","site-sidebar-style":"default","ast-global-header-display":"","ast-banner-title-visibility":"","ast-main-header-display":"","ast-hfb-above-header-display":"","ast-hfb-below-header-display":"","ast-hfb-mobile-header-display":"","site-post-title":"","ast-breadcrumbs-content":"","ast-featured-img":"","footer-sml-layout":"","ast-disable-related-posts":"","theme-transparent-header-meta":"default","adv-header-id-meta":"","stick-header-meta":"","header-above-stick-meta":"","header-main-stick-meta":"","header-below-stick-meta":"","astra-migrate-meta-layouts":"default","ast-page-background-enabled":"default","ast-page-background-meta":{"desktop":{"background-color":"","background-image":"","background-repeat":"repeat","background-position":"center center","background-size":"auto","background-attachment":"scroll","background-type":"","background-media":"","overlay-type":"","overlay-color":"","overlay-opacity":"","overlay-gradient":""},"tablet":{"background-color":"","background-image":"","background-repeat":"repeat","background-position":"center center","background-size":"auto","background-attachment":"scroll","background-type":"","background-media":"","overlay-type":"","overlay-color":"","overlay-opacity":"","overlay-gradient":""},"mobile":{"background-color":"","background-image":"","background-repeat":"repeat","background-position":"center center","background-size":"auto","background-attachment":"scroll","background-type":"","background-media":"","overlay-type":"","overlay-color":"","overlay-opacity":"","overlay-gradient":""}},"ast-content-background-meta":{"desktop":{"background-color":"var(--ast-global-color-5)","background-image":"","background-repeat":"repeat","background-position":"center center","background-size":"auto","background-attachment":"scroll","background-type":"","background-media":"","overlay-type":"","overlay-color":"","overlay-opacity":"","overlay-gradient":""},"tablet":{"background-color":"var(--ast-global-color-5)","background-image":"","background-repeat":"repeat","background-position":"center center","background-size":"auto","background-attachment":"scroll","background-type":"","background-media":"","overlay-type":"","overlay-color":"","overlay-opacity":"","overlay-gradient":""},"mobile":{"background-color":"var(--ast-global-color-5)","background-image":"","background-repeat":"repeat","background-position":"center center","background-size":"auto","background-attachment":"scroll","background-type":"","background-media":"","overlay-type":"","overlay-color":"","overlay-opacity":"","overlay-gradient":""}},"footnotes":""},"class_list":["post-7311","page","type-page","status-publish","hentry"],"uagb_featured_image_src":{"full":false,"thumbnail":false,"medium":false,"medium_large":false,"large":false,"1536x1536":false,"2048x2048":false},"uagb_author_info":{"display_name":"AKSHAY MATHUR","author_link":"https:\/\/yogaagma.com\/de\/author\/akshaymathurofficial\/"},"uagb_comment_info":0,"uagb_excerpt":"Die Privatsph\u00e4re unserer Besucher bei Yogaagma ist uns wichtig. Wir bei Yogaagma wissen, dass der Schutz Ihrer pers\u00f6nlichen Daten wichtig ist. Hier finden Sie Informationen dar\u00fcber, welche Arten von pers\u00f6nlichen Daten wir erhalten und sammeln, wenn Sie Yogaagma nutzen und besuchen, und wie wir Ihre Daten sch\u00fctzen. Wir verkaufen Ihre pers\u00f6nlichen Daten niemals an Dritte.&hellip;","_links":{"self":[{"href":"https:\/\/yogaagma.com\/de\/wp-json\/wp\/v2\/pages\/7311","targetHints":{"allow":["GET"]}}],"collection":[{"href":"https:\/\/yogaagma.com\/de\/wp-json\/wp\/v2\/pages"}],"about":[{"href":"https:\/\/yogaagma.com\/de\/wp-json\/wp\/v2\/types\/page"}],"author":[{"embeddable":true,"href":"https:\/\/yogaagma.com\/de\/wp-json\/wp\/v2\/users\/1"}],"replies":[{"embeddable":true,"href":"https:\/\/yogaagma.com\/de\/wp-json\/wp\/v2\/comments?post=7311"}],"version-history":[{"count":3,"href":"https:\/\/yogaagma.com\/de\/wp-json\/wp\/v2\/pages\/7311\/revisions"}],"predecessor-version":[{"id":7360,"href":"https:\/\/yogaagma.com\/de\/wp-json\/wp\/v2\/pages\/7311\/revisions\/7360"}],"wp:attachment":[{"href":"https:\/\/yogaagma.com\/de\/wp-json\/wp\/v2\/media?parent=7311"}],"curies":[{"name":"wp","href":"https:\/\/api.w.org\/{rel}","templated":true}]}}